{"id":98370,"date":"2021-05-19T09:52:44","date_gmt":"2021-05-19T09:52:44","guid":{"rendered":"https:\/\/swissfederalism.ch\/?page_id=98370"},"modified":"2026-03-17T11:32:47","modified_gmt":"2026-03-17T11:32:47","slug":"das-mitarbeiterteam","status":"publish","type":"page","link":"https:\/\/swissfederalism.ch\/de\/das-mitarbeiterteam\/","title":{"rendered":"Gr\u00fcnder &#038; Magazin-Mitarbeitende"},"content":{"rendered":"<div class=\"wpb-content-wrapper\"><p>[vc_row row_height_percent=&#8220;0&#8243; override_padding=&#8220;yes&#8220; h_padding=&#8220;2&#8243; top_padding=&#8220;5&#8243; bottom_padding=&#8220;5&#8243; back_color=&#8220;color-gyho&#8220; overlay_alpha=&#8220;50&#8243; gutter_size=&#8220;2&#8243; column_width_percent=&#8220;100&#8243; shift_y=&#8220;0&#8243; z_index=&#8220;0&#8243;][vc_column column_width_percent=&#8220;100&#8243; gutter_size=&#8220;4&#8243; overlay_alpha=&#8220;50&#8243; shift_x=&#8220;0&#8243; shift_y=&#8220;0&#8243; shift_y_down=&#8220;0&#8243; z_index=&#8220;0&#8243; medium_width=&#8220;0&#8243; mobile_width=&#8220;0&#8243; width=&#8220;1\/1&#8243;][vc_row_inner][vc_column_inner width=&#8220;1\/1&#8243;][vc_column_text uncode_shortcode_id=&#8220;957230&#8243;]<\/p>\n<h3 style=\"text-align: center;\"><span class=\"font-762333\">Swiss Federalism wird von seinen Gr\u00fcndern geleitet und von einem internationalen Netzwerk von Mitarbeitenden unterst\u00fctzt, die zu den kulturellen Aktivit\u00e4ten der Vereinigung und zu ihrem Magazin beitragen.<\/span><\/h3>\n<p>[\/vc_column_text][\/vc_column_inner][\/vc_row_inner][uncode_index el_id=&#8220;index-533966790&#8243; index_type=&#8220;carousel&#8220; loop=&#8220;size:4|order_by:date|order:ASC|post_type:portfolio|taxonomy_count:10&#8243; carousel_lg=&#8220;2&#8243; carousel_md=&#8220;2&#8243; carousel_sm=&#8220;1&#8243; thumb_size=&#8220;three-four&#8220; gutter_size=&#8220;3&#8243; post_items=&#8220;media|featured|onpost|poster,date,title,text|excerpt|140,spacer|one,sep-one|extra,spacer_two|one,author|md_size|hide_qualification&#8220; portfolio_items=&#8220;title,media|featured|onpost|original,text|excerpt,sep-one|full,icon|sm,link|default|default_size&#8220; carousel_height=&#8220;equal&#8220; carousel_type=&#8220;fade&#8220; carousel_interval=&#8220;3000&#8243; carousel_navspeed=&#8220;400&#8243; carousel_loop=&#8220;yes&#8220; carousel_nav=&#8220;yes&#8220; carousel_dots=&#8220;yes&#8220; stage_padding=&#8220;0&#8243; single_back_color=&#8220;color-xsdn&#8220; single_shape=&#8220;round&#8220; single_overlay_color=&#8220;color-wayh&#8220; single_overlay_opacity=&#8220;50&#8243; single_overlay_visible=&#8220;yes&#8220; single_text_visible=&#8220;yes&#8220; single_padding=&#8220;2&#8243; single_title_dimension=&#8220;h3&#8243; single_title_weight=&#8220;600&#8243; single_title_height=&#8220;fontheight-179065&#8243; single_title_space=&#8220;fontspace-111509&#8243; single_border=&#8220;yes&#8220; uncode_shortcode_id=&#8220;253331&#8243;][\/vc_column][\/vc_row][vc_row row_height_percent=&#8220;0&#8243; override_padding=&#8220;yes&#8220; h_padding=&#8220;2&#8243; top_padding=&#8220;4&#8243; bottom_padding=&#8220;4&#8243; overlay_alpha=&#8220;50&#8243; gutter_size=&#8220;3&#8243; column_width_percent=&#8220;100&#8243; shift_y=&#8220;0&#8243; z_index=&#8220;0&#8243;][vc_column width=&#8220;1\/1&#8243;][vc_icon icon=&#8220;fa fa-pen&#8220; icon_color=&#8220;accent&#8220; background_style=&#8220;fa-rounded&#8220; size=&#8220;fa-3x&#8220; icon_automatic=&#8220;yes&#8220; shadow=&#8220;yes&#8220; text_font=&#8220;font-175345&#8243; text_weight=&#8220;600&#8243; text_height=&#8220;fontheight-179065&#8243; text_space=&#8220;fontspace-111509&#8243; title=&#8220;Magazin-Mitarbeitende&#8220; uncode_shortcode_id=&#8220;142166&#8243; icon_color_type=&#8220;uncode-palette&#8220;][\/vc_icon][uncode_list larger=&#8220;yes&#8220; icon=&#8220;fa fa-check&#8220; icon_color=&#8220;accent&#8220; uncode_shortcode_id=&#8220;126226&#8243; icon_color_type=&#8220;uncode-palette&#8220;]<\/p>\n<h4 style=\"text-align: center;\" data-start=\"449\" data-end=\"498\"><a href=\"https:\/\/ch.linkedin.com\/in\/cristina-enrica-schenone-bodrato-57546822b\"><strong data-start=\"449\" data-end=\"478\">Cristina Schenone\u2011Bodrato<\/strong>\u00a0<\/a><\/h4>\n<p style=\"text-align: center;\" data-start=\"449\" data-end=\"498\"><em> Magazinleiterin<\/em><\/p>\n<hr \/>\n<h4 style=\"text-align: center;\" data-start=\"500\" data-end=\"619\"><a href=\"https:\/\/www.linkedin.com\/in\/zaira-sellerio-75276aa8\/\"><strong data-start=\"500\" data-end=\"518\">Zaira Sellerio<\/strong>\u00a0<\/a><\/h4>\n<p style=\"text-align: center;\" data-start=\"500\" data-end=\"619\"><em> Autorin mehrerer B\u00fccher, darunter <a href=\"https:\/\/www.amazon.de\/coraggio-femmina-Elisabetta-Sellerio-Scalici\/dp\/B0GQ75FLMK\">Il coraggio \u00e8 femmina (Courage Is Female, auf Italienisch)<\/a><\/em><\/p>\n<hr \/>\n<h4 style=\"text-align: center;\" data-start=\"621\" data-end=\"836\"><a href=\"https:\/\/www.linkedin.com\/in\/andrea-schenone-mba\/\"><strong data-start=\"621\" data-end=\"640\">Andrea Schenone<\/strong><\/a><\/h4>\n<p style=\"text-align: center;\" data-start=\"621\" data-end=\"836\"><em> Manager mit internationaler Erfahrung in den Finanz- und Strategiebereichen, Mitglied wichtiger Organisationen wie der SFAA und des Milton-Friedman-Instituts und Autor von<strong><a href=\"https:\/\/www.amazon.com\/dp\/3907776003\"> AI Wealth Machine<\/a><\/strong><\/em><\/p>\n<hr \/>\n<h4 style=\"text-align: center;\" data-start=\"838\" data-end=\"930\"><a href=\"https:\/\/www.linkedin.com\/in\/luca-steinmann-b2379319b\/\"><strong data-start=\"838\" data-end=\"856\">Luca Steinmann<\/strong>\u00a0<\/a><\/h4>\n<h4 style=\"text-align: center;\" data-start=\"838\" data-end=\"930\"><em> Freiberuflicher Journalist, Kriegsreporter und geopolitischer Analyst<\/em><\/h4>\n<hr \/>\n<h4 style=\"text-align: center;\" data-start=\"932\" data-end=\"1240\"><a href=\"https:\/\/www.linkedin.com\/in\/tiziano-gastaldi-a49b8828\/\"><strong data-start=\"932\" data-end=\"952\">Tiziano Gastaldi<\/strong>\u00a0<\/a><\/h4>\n<p style=\"text-align: center;\" data-start=\"932\" data-end=\"1240\"><em> Arzt und Spezialist f\u00fcr Rheumatologie; Autor von<\/em> <a href=\"https:\/\/www.lafeltrinelli.it\/libri\/autori\/tiziano-gastaldi?srsltid=AfmBOooRKt_WZJ_m7Qn6lKSeLOgWMWE3u-n862BIlZWNsYS4D5Oo_ZBp\"><em data-start=\"1004\" data-end=\"1035\">Il salto quantico in medicina<\/em>, dem Essay <em data-start=\"1047\" data-end=\"1127\">Un mondo diverso \u2013 Cocktail scientifico o, per i detrattori, pseudoscientifico<\/em> und dem f\u00fcr 2025 geplanten Buch <em data-start=\"1160\" data-end=\"1238\">IO E I.A. \u2013 Dialoghi tra un\u2019intelligenza umana e un\u2019intelligenza artificiale<\/em><\/a><\/p>\n<p>[\/uncode_list][\/vc_column][\/vc_row]<\/p>\n<\/div>","protected":false},"excerpt":{"rendered":"<p>[vc_row row_height_percent=&#8220;0&#8243; override_padding=&#8220;yes&#8220; h_padding=&#8220;2&#8243; top_padding=&#8220;5&#8243; bottom_padding=&#8220;5&#8243; back_color=&#8220;color-gyho&#8220; overlay_alpha=&#8220;50&#8243; gutter_size=&#8220;2&#8243; column_width_percent=&#8220;100&#8243; shift_y=&#8220;0&#8243; z_index=&#8220;0&#8243;][vc_column column_width_percent=&#8220;100&#8243; gutter_size=&#8220;4&#8243; overlay_alpha=&#8220;50&#8243; shift_x=&#8220;0&#8243; shift_y=&#8220;0&#8243; shift_y_down=&#8220;0&#8243; z_index=&#8220;0&#8243; medium_width=&#8220;0&#8243; [&hellip;]<\/p>\n","protected":false},"author":1,"featured_media":236582,"parent":0,"menu_order":0,"comment_status":"closed","ping_status":"closed","template":"","meta":{"footnotes":""},"class_list":["post-98370","page","type-page","status-publish","has-post-thumbnail","hentry"],"_links":{"self":[{"href":"https:\/\/swissfederalism.ch\/de\/wp-json\/wp\/v2\/pages\/98370","targetHints":{"allow":["GET"]}}],"collection":[{"href":"https:\/\/swissfederalism.ch\/de\/wp-json\/wp\/v2\/pages"}],"about":[{"href":"https:\/\/swissfederalism.ch\/de\/wp-json\/wp\/v2\/types\/page"}],"author":[{"embeddable":true,"href":"https:\/\/swissfederalism.ch\/de\/wp-json\/wp\/v2\/users\/1"}],"replies":[{"embeddable":true,"href":"https:\/\/swissfederalism.ch\/de\/wp-json\/wp\/v2\/comments?post=98370"}],"version-history":[{"count":20,"href":"https:\/\/swissfederalism.ch\/de\/wp-json\/wp\/v2\/pages\/98370\/revisions"}],"predecessor-version":[{"id":236586,"href":"https:\/\/swissfederalism.ch\/de\/wp-json\/wp\/v2\/pages\/98370\/revisions\/236586"}],"wp:featuredmedia":[{"embeddable":true,"href":"https:\/\/swissfederalism.ch\/de\/wp-json\/wp\/v2\/media\/236582"}],"wp:attachment":[{"href":"https:\/\/swissfederalism.ch\/de\/wp-json\/wp\/v2\/media?parent=98370"}],"curies":[{"name":"wp","href":"https:\/\/api.w.org\/{rel}","templated":true}]}}