{"id":90194,"date":"2021-02-15T09:41:51","date_gmt":"2021-02-15T09:41:51","guid":{"rendered":"https:\/\/swissfederalism.ch\/tessera-famiglia-annuale\/"},"modified":"2025-02-23T18:03:58","modified_gmt":"2025-02-23T18:03:58","slug":"family-card-jahreskarte","status":"publish","type":"page","link":"https:\/\/swissfederalism.ch\/de\/family-card-jahreskarte\/","title":{"rendered":"Family Card &#8211; Jahreskarte"},"content":{"rendered":"<div class=\"wpb-content-wrapper\"><p>[vc_row unlock_row_content=&#8220;yes&#8220; row_height_percent=&#8220;0&#8243; override_padding=&#8220;yes&#8220; h_padding=&#8220;2&#8243; top_padding=&#8220;5&#8243; bottom_padding=&#8220;2&#8243; overlay_alpha=&#8220;100&#8243; gutter_size=&#8220;100&#8243; column_width_percent=&#8220;100&#8243; shift_y=&#8220;0&#8243; z_index=&#8220;0&#8243; style=&#8220;inherited&#8220;][vc_column column_width_use_pixel=&#8220;yes&#8220; align_horizontal=&#8220;align_center&#8220; gutter_size=&#8220;3&#8243; overlay_alpha=&#8220;100&#8243; shift_x=&#8220;0&#8243; shift_y=&#8220;0&#8243; shift_y_down=&#8220;0&#8243; z_index=&#8220;0&#8243; medium_width=&#8220;100&#8243; mobile_width=&#8220;0&#8243; zoom_width=&#8220;0&#8243; zoom_height=&#8220;0&#8243; width=&#8220;1\/1&#8243; column_width_pixel=&#8220;900&#8243;][vc_custom_heading heading_semantic=&#8220;h1&#8243; text_font=&#8220;font-202503&#8243; text_size=&#8220;fontsize-155944&#8243; text_weight=&#8220;600&#8243; text_height=&#8220;fontheight-179065&#8243; text_space=&#8220;fontspace-781688&#8243; sub_lead=&#8220;yes&#8220; sub_reduced=&#8220;yes&#8220; text_align=&#8220;text-center&#8220; subheading=&#8220;Ihre Mitgliedschaft in der Swiss Federalism Association f\u00f6rdert die Freiheit, den F\u00f6deralismus, die direkte Demokratie, die Neutralit\u00e4t der Schweiz, die F\u00f6rderung der italienischen Sprache und die St\u00e4rkung der kleinen und mittleren Unternehmen.&#8220; uncode_shortcode_id=&#8220;156194&#8243;]<\/p>\n<h1><span class=\"font-377884 font-175345\" style=\"color: #008000;\">Family Card &#8211; Jahreskarte\u00a0<\/span><\/h1>\n<h3><span class=\"font-377884 font-175345\"><em> Antragsformular<\/em><\/span><\/h3>\n<p>[\/vc_custom_heading][\/vc_column][\/vc_row][vc_row][vc_column column_width_percent=&#8220;100&#8243; gutter_size=&#8220;3&#8243; override_padding=&#8220;yes&#8220; column_padding=&#8220;3&#8243; overlay_alpha=&#8220;50&#8243; border_color=&#8220;color-gyho&#8220; border_style=&#8220;solid&#8220; shift_x=&#8220;0&#8243; shift_y=&#8220;0&#8243; shift_y_down=&#8220;0&#8243; z_index=&#8220;0&#8243; medium_width=&#8220;0&#8243; mobile_width=&#8220;0&#8243; width=&#8220;1\/2&#8243; css=&#8220;.vc_custom_1614067899311{border-right-width: 1px !important;}&#8220;][vc_custom_heading text_color=&#8220;accent&#8220; text_font=&#8220;font-202503&#8243; text_weight=&#8220;400&#8243; text_height=&#8220;fontheight-179065&#8243; text_space=&#8220;fontspace-781688&#8243; separator=&#8220;yes&#8220; sub_reduced=&#8220;yes&#8220; uncode_shortcode_id=&#8220;198296&#8243; text_color_type=&#8220;uncode-palette&#8220;]<\/p>\n<h3><span class=\"font-377884\" style=\"color: #008000;\">Einschreibeverfahren<\/span><\/h3>\n<p>[\/vc_custom_heading][vc_column_text uncode_shortcode_id=&#8220;106861&#8243;]<\/p>\n<p data-start=\"0\" data-end=\"203\"><span class=\"font-377884\">Um Mitglied zu werden, f\u00fcllen Sie bitte das untenstehende Antragsformular aus und \u00fcberweisen Sie <strong data-start=\"97\" data-end=\"110\">99,00 CHF<\/strong> auf das angegebene Bankkonto mit dem Verwendungszweck: <strong data-start=\"166\" data-end=\"200\">&#8222;Mitgliedskarte \u2013 Family Card&#8220;<\/strong>.<\/span><\/p>\n<p data-start=\"205\" data-end=\"340\" data-is-last-node=\"\" data-is-only-node=\"\"><span class=\"font-377884\">Sobald die Zahlung eingegangen ist, wird der Verein Swiss Federalism die Mitgliedskarte an die angegebene Adresse des Mitglieds senden.<\/span><\/p>\n<p>[\/vc_column_text][\/vc_column][vc_column column_width_percent=&#8220;100&#8243; gutter_size=&#8220;3&#8243; override_padding=&#8220;yes&#8220; column_padding=&#8220;3&#8243; overlay_alpha=&#8220;50&#8243; shift_x=&#8220;0&#8243; shift_y=&#8220;0&#8243; shift_y_down=&#8220;0&#8243; z_index=&#8220;0&#8243; medium_width=&#8220;0&#8243; mobile_width=&#8220;0&#8243; width=&#8220;1\/2&#8243;][vc_custom_heading text_color=&#8220;accent&#8220; text_font=&#8220;font-202503&#8243; text_weight=&#8220;400&#8243; text_height=&#8220;fontheight-179065&#8243; text_space=&#8220;fontspace-781688&#8243; separator=&#8220;yes&#8220; sub_reduced=&#8220;yes&#8220; uncode_shortcode_id=&#8220;213869&#8243; text_color_type=&#8220;uncode-palette&#8220;]<\/p>\n<h3><span class=\"font-329340\" style=\"color: #008000;\">Zur Zahlung<\/span><\/h3>\n<p>[\/vc_custom_heading][vc_column_text uncode_shortcode_id=&#8220;166664&#8243;]<\/p>\n<p class=\"mcntydp4aaf2bddyiv4703749582h3 mcntydp4aaf2bddyiv4703749582text--green\"><span class=\"font-377884\"><strong>Bank Linth LLB AG<\/strong><\/span><\/p>\n<p class=\"mcntydp4aaf2bddyiv4703749582h3 mcntydp4aaf2bddyiv4703749582text--green\"><span class=\"font-377884\">Z\u00fcrcherstrasse 3 Postfach 8730 Uznach (Switzerland)<\/span><\/p>\n<div class=\"mcntydp4aaf2bddyiv4703749582iKJnec\">\n<p><span class=\"font-377884\"><strong>IBAN:<\/strong>CH15 0873 1557 4858 1200 1<\/span><\/p>\n<p><span class=\"font-377884\"><strong>Clearing:<\/strong> 8731<\/span><\/p>\n<p><span class=\"font-377884\"><strong>BIC\/SWIFT:<\/strong> LINSCH23<\/span><\/p>\n<p><span class=\"font-377884\"><strong>Kontonummer: <\/strong>5574.8581.2001<\/span><\/p>\n<p><span class=\"font-377884\"><strong>Kontoinhaber: <\/strong>Swiss Federalism 8737 Gommiswald<\/span><\/p>\n<\/div>\n<div class=\"mcntydp4aaf2bddyiv4703749582iKJnec\"><\/div>\n<p>[\/vc_column_text][\/vc_column][\/vc_row][vc_row row_height_percent=&#8220;0&#8243; back_color=&#8220;color-lxmt&#8220; overlay_alpha=&#8220;50&#8243; gutter_size=&#8220;3&#8243; column_width_percent=&#8220;100&#8243; shift_y=&#8220;0&#8243; z_index=&#8220;0&#8243;][vc_column width=&#8220;1\/1&#8243;]\n<div class=\"wpcf7 no-js\" id=\"wpcf7-f90174-o1\" lang=\"de-DE\" dir=\"ltr\" data-wpcf7-id=\"90174\">\n<div class=\"screen-reader-response\"><p role=\"status\" aria-live=\"polite\" aria-atomic=\"true\"><\/p> <ul><\/ul><\/div>\n<form action=\"\/de\/wp-json\/wp\/v2\/pages\/90194#wpcf7-f90174-o1\" method=\"post\" class=\"wpcf7-form init\" aria-label=\"Kontaktformular\" novalidate=\"novalidate\" data-status=\"init\">\n<fieldset class=\"hidden-fields-container\"><input type=\"hidden\" name=\"_wpcf7\" value=\"90174\" \/><input type=\"hidden\" name=\"_wpcf7_version\" value=\"6.1.5\" \/><input type=\"hidden\" name=\"_wpcf7_locale\" value=\"de_DE\" \/><input type=\"hidden\" name=\"_wpcf7_unit_tag\" value=\"wpcf7-f90174-o1\" \/><input type=\"hidden\" name=\"_wpcf7_container_post\" value=\"0\" \/><input type=\"hidden\" name=\"_wpcf7_posted_data_hash\" value=\"\" \/>\n<\/fieldset>\n<div class=\"wpcf7-inline-wrapper\">\n\t<p class=\"wpcf7-inline-field\"><span class=\"wpcf7-form-control-wrap\" data-name=\"text-nome\"><input size=\"40\" maxlength=\"400\" class=\"wpcf7-form-control wpcf7-text wpcf7-validates-as-required form-xl\" aria-required=\"true\" aria-invalid=\"false\" value=\"VORNAME\" type=\"text\" name=\"text-nome\" \/><\/span>\n\t<\/p>\n\t<p class=\"wpcf7-inline-field\"><span class=\"wpcf7-form-control-wrap\" data-name=\"text-cognome\"><input size=\"40\" maxlength=\"400\" class=\"wpcf7-form-control wpcf7-text wpcf7-validates-as-required form-xl\" aria-required=\"true\" aria-invalid=\"false\" placeholder=\"NAME\" value=\"\" type=\"text\" name=\"text-cognome\" \/><\/span>\n\t<\/p>\n<\/div>\n<div class=\"wpcf7-inline-wrapper\">\n\t<p class=\"wpcf7-inline-field\"><span class=\"wpcf7-form-control-wrap\" data-name=\"email-email\"><input size=\"40\" maxlength=\"400\" class=\"wpcf7-form-control wpcf7-email wpcf7-validates-as-required wpcf7-text wpcf7-validates-as-email form-xl\" aria-required=\"true\" aria-invalid=\"false\" placeholder=\"Email\" value=\"\" type=\"email\" name=\"email-email\" \/><\/span>\n\t<\/p>\n\t<p class=\"wpcf7-inline-field\"><span class=\"wpcf7-form-control-wrap\" data-name=\"tel-tel\"><input size=\"40\" maxlength=\"400\" class=\"wpcf7-form-control wpcf7-tel wpcf7-validates-as-required wpcf7-text wpcf7-validates-as-tel form-xl\" aria-required=\"true\" aria-invalid=\"false\" placeholder=\"TELEFON\" value=\"\" type=\"tel\" name=\"tel-tel\" \/><\/span>\n\t<\/p>\n<\/div>\n<p class=\"wpcf7-inline-field\"><span class=\"wpcf7-form-control-wrap\" data-name=\"text-indirizzo\"><input size=\"40\" maxlength=\"400\" class=\"wpcf7-form-control wpcf7-text wpcf7-validates-as-required form-fluid form-xl\" aria-required=\"true\" aria-invalid=\"false\" placeholder=\"ADDRESS\" value=\"\" type=\"text\" name=\"text-indirizzo\" \/><\/span>\n<\/p>\n<div class=\"wpcf7-inline-wrapper\">\n\t<p class=\"wpcf7-inline-field\"><span class=\"wpcf7-form-control-wrap\" data-name=\"text-cap\"><input size=\"40\" maxlength=\"400\" class=\"wpcf7-form-control wpcf7-text wpcf7-validates-as-required form-xl\" aria-required=\"true\" aria-invalid=\"false\" placeholder=\"POSTLEITZAHL\" value=\"\" type=\"text\" name=\"text-cap\" \/><\/span>\n\t<\/p>\n\t<p class=\"wpcf7-inline-field\"><span class=\"wpcf7-form-control-wrap\" data-name=\"text-citta\"><input size=\"40\" maxlength=\"400\" class=\"wpcf7-form-control wpcf7-text wpcf7-validates-as-required form-xl\" aria-required=\"true\" aria-invalid=\"false\" placeholder=\"STADT\" value=\"\" type=\"text\" name=\"text-citta\" \/><\/span>\n\t<\/p>\n\t<p class=\"wpcf7-inline-field\"><span class=\"wpcf7-form-control-wrap\" data-name=\"text-cantone\"><input size=\"40\" maxlength=\"400\" class=\"wpcf7-form-control wpcf7-text wpcf7-validates-as-required form-xl\" aria-required=\"true\" aria-invalid=\"false\" placeholder=\"KANTON\/LAND\" value=\"\" type=\"text\" name=\"text-cantone\" \/><\/span>\n\t<\/p>\n<\/div>\n<hr \/>\n<h3>Andere Anmeldeinformationen\n<\/h3>\n<p>Geburtsdatum und -ort eingeben:\n<\/p>\n<div class=\"wpcf7-inline-wrapper\">\n\t<p class=\"wpcf7-inline-field\"><span class=\"wpcf7-form-control-wrap\" data-name=\"Nascita\"><input class=\"wpcf7-form-control wpcf7-date wpcf7-validates-as-required wpcf7-validates-as-date form-xl\" min=\"1930-01-01\" max=\"2021-01-24\" aria-required=\"true\" aria-invalid=\"false\" placeholder=\"01\/01\/1970\" value=\"\" type=\"date\" name=\"Nascita\" \/><\/span>\n\t<\/p>\n\t<p class=\"wpcf7-inline-field\"><span class=\"wpcf7-form-control-wrap\" data-name=\"Luogodinacita\"><input size=\"40\" maxlength=\"400\" class=\"wpcf7-form-control wpcf7-text wpcf7-validates-as-required form-xl\" aria-required=\"true\" aria-invalid=\"false\" placeholder=\"Geburtsort\" value=\"\" type=\"text\" name=\"Luogodinacita\" \/><\/span>\n\t<\/p>\n<\/div>\n<p>Sind Sie bei Aire eingeschrieben? (Nur f\u00fcr italienische Staatsb\u00fcrger)\n<\/p>\n<p class=\"wpcf7-inline-field\"><span class=\"wpcf7-form-control-wrap\" data-name=\"IscrzioneAire\"><span class=\"wpcf7-form-control wpcf7-radio form-xl\"><span class=\"wpcf7-list-item first\"><label><span class=\"wpcf7-list-item-label\">JA<\/span><input type=\"radio\" name=\"IscrzioneAire\" value=\"JA\" checked=\"checked\" \/><\/label><\/span><span class=\"wpcf7-list-item last\"><label><span class=\"wpcf7-list-item-label\">NEIN<\/span><input type=\"radio\" name=\"IscrzioneAire\" value=\"NEIN\" \/><\/label><\/span><\/span><\/span>\n<\/p>\n<p class=\"wpcf7-inline-field\"><span class=\"wpcf7-form-control-wrap\" data-name=\"text-referente\"><input size=\"40\" maxlength=\"400\" class=\"wpcf7-form-control wpcf7-text form-fluid form-xl\" aria-invalid=\"false\" placeholder=\"Referent - Wer hat Sie vorgestellt?\" value=\"\" type=\"text\" name=\"text-referente\" \/><\/span>\n<\/p>\n<hr \/>\n<h3>Verbinden Sie mit uns\n<\/h3>\n<p class=\"wpcf7-inline-field\"><span class=\"wpcf7-form-control-wrap\" data-name=\"textarea-messaggio\"><textarea cols=\"40\" rows=\"10\" maxlength=\"2000\" class=\"wpcf7-form-control wpcf7-textarea form-xl\" aria-invalid=\"false\" placeholder=\"Nachricht verfassen\" name=\"textarea-messaggio\"><\/textarea><\/span>\n<\/p>\n<hr \/>\n<p><input class=\"wpcf7-form-control wpcf7-submit has-spinner btn btn-accent\" type=\"submit\" value=\"ABONNIEREN\" \/>\n<\/p><p style=\"display: none !important;\" class=\"akismet-fields-container\" data-prefix=\"_wpcf7_ak_\"><label>&#916;<textarea name=\"_wpcf7_ak_hp_textarea\" cols=\"45\" rows=\"8\" maxlength=\"100\"><\/textarea><\/label><input type=\"hidden\" id=\"ak_js_1\" name=\"_wpcf7_ak_js\" value=\"241\"\/><script>document.getElementById( \"ak_js_1\" ).setAttribute( \"value\", ( new Date() ).getTime() );<\/script><\/p><div class=\"wpcf7-response-output\" aria-hidden=\"true\"><\/div>\n<\/form>\n<\/div>\n[\/vc_column][\/vc_row][vc_row][vc_column width=&#8220;1\/1&#8243;][\/vc_column][\/vc_row]<\/p>\n<\/div>","protected":false},"excerpt":{"rendered":"<p>La vostra iscrizione a Swiss Federalism promuove la libert\u00e0, il federalismo, la democrazia diretta, la neutralit\u00e0 della Svizzera e promuove la piccola e media impresa e l\u2019attrazione di capitali verso la Svizzera<\/p>\n","protected":false},"author":1,"featured_media":234866,"parent":0,"menu_order":0,"comment_status":"closed","ping_status":"closed","template":"","meta":{"footnotes":""},"class_list":["post-90194","page","type-page","status-publish","has-post-thumbnail","hentry"],"_links":{"self":[{"href":"https:\/\/swissfederalism.ch\/de\/wp-json\/wp\/v2\/pages\/90194","targetHints":{"allow":["GET"]}}],"collection":[{"href":"https:\/\/swissfederalism.ch\/de\/wp-json\/wp\/v2\/pages"}],"about":[{"href":"https:\/\/swissfederalism.ch\/de\/wp-json\/wp\/v2\/types\/page"}],"author":[{"embeddable":true,"href":"https:\/\/swissfederalism.ch\/de\/wp-json\/wp\/v2\/users\/1"}],"replies":[{"embeddable":true,"href":"https:\/\/swissfederalism.ch\/de\/wp-json\/wp\/v2\/comments?post=90194"}],"version-history":[{"count":8,"href":"https:\/\/swissfederalism.ch\/de\/wp-json\/wp\/v2\/pages\/90194\/revisions"}],"predecessor-version":[{"id":234879,"href":"https:\/\/swissfederalism.ch\/de\/wp-json\/wp\/v2\/pages\/90194\/revisions\/234879"}],"wp:featuredmedia":[{"embeddable":true,"href":"https:\/\/swissfederalism.ch\/de\/wp-json\/wp\/v2\/media\/234866"}],"wp:attachment":[{"href":"https:\/\/swissfederalism.ch\/de\/wp-json\/wp\/v2\/media?parent=90194"}],"curies":[{"name":"wp","href":"https:\/\/api.w.org\/{rel}","templated":true}]}}