{"id":89999,"date":"2020-11-05T14:47:46","date_gmt":"2020-11-05T14:47:46","guid":{"rendered":"https:\/\/swissfederalism.ch\/lo-statuto\/"},"modified":"2021-05-02T10:33:20","modified_gmt":"2021-05-02T10:33:20","slug":"das-statut","status":"publish","type":"page","link":"https:\/\/swissfederalism.ch\/de\/das-statut\/","title":{"rendered":"Das Statut"},"content":{"rendered":"<div class=\"wpb-content-wrapper\"><p>[vc_row row_height_percent=&#8220;0&#8243; override_padding=&#8220;yes&#8220; h_padding=&#8220;2&#8243; top_padding=&#8220;5&#8243; bottom_padding=&#8220;2&#8243; overlay_alpha=&#8220;50&#8243; gutter_size=&#8220;3&#8243; column_width_percent=&#8220;100&#8243; shift_y=&#8220;0&#8243; z_index=&#8220;0&#8243;][vc_column column_width_use_pixel=&#8220;yes&#8220; align_horizontal=&#8220;align_center&#8220; gutter_size=&#8220;3&#8243; overlay_alpha=&#8220;50&#8243; shift_x=&#8220;0&#8243; shift_y=&#8220;0&#8243; shift_y_down=&#8220;0&#8243; z_index=&#8220;0&#8243; medium_width=&#8220;0&#8243; mobile_width=&#8220;0&#8243; width=&#8220;1\/1&#8243; column_width_pixel=&#8220;900&#8243;][vc_custom_heading heading_semantic=&#8220;h3&#8243; text_size=&#8220;fontsize-155944&#8243;]Die Statuten der Swiss Federalism, Name, Zweck und Sitz des Vereins[\/vc_custom_heading][vc_column_text text_lead=&#8220;yes&#8220;]Wie jeder anst\u00e4ndige Verein befolgt auch der Swiss Federalism die Regeln der Schweizerischen Eidgenossenschaft \u00fcber die Gr\u00fcndung und die ordentliche und au\u00dferordentliche Gesch\u00e4ftsf\u00fchrung eines gemeinn\u00fctzigen Kulturvereins.[\/vc_column_text][\/vc_column][\/vc_row][vc_row][vc_column column_width_percent=&#8220;100&#8243; gutter_size=&#8220;3&#8243; style=&#8220;light&#8220; back_color=&#8220;color-lxmt&#8220; overlay_alpha=&#8220;50&#8243; shift_x=&#8220;0&#8243; shift_y=&#8220;0&#8243; shift_y_down=&#8220;0&#8243; z_index=&#8220;0&#8243; medium_width=&#8220;0&#8243; mobile_width=&#8220;0&#8243; width=&#8220;1\/1&#8243;][vc_row_inner][vc_column_inner width=&#8220;1\/2&#8243;][vc_column_text]<\/p>\n<h1><strong>Name, Zweck und Sitz<\/strong><\/h1>\n<h2>Art. 1<\/h2>\n<p>Unter dem Namen &#8222;Swiss Federalism&#8220; wird hiermit ein gemeinn\u00fctziger Verein im Sinne von Art. 60 ff. des Schweizerischen Zivilgesetzbuches und dieser Statuten gegr\u00fcndet.<\/p>\n<h2>Art. 2<\/h2>\n<p>Der Zweck des Vereins besteht darin<\/p>\n<p>den Schweizer F\u00f6deralismus und seine Vorteile f\u00fcr Wirtschaft und Gesellschaft auf internationaler Ebene zu f\u00f6rdern den Schutz und die F\u00f6rderung der italienischen Sprache jenseits des Gotthards als Minderheitensprache in der Schweiz zur Unterst\u00fctzung von Schweizer Klein- und Mittelbetrieben<\/p>\n<h2>Art. 3<\/h2>\n<p>Der Verein hat seinen Sitz in Gommiswald SG. Seine Dauer ist unbestimmt.<\/p>\n<h1>Organisation<\/h1>\n<h2>Art. 4<\/h2>\n<p>Die Organe des Vereins sind<\/p>\n<p>die Generalversammlung<br \/>\nder Exekutivausschuss<\/p>\n<h2>Art. 5<\/h2>\n<p>Finanzielle Mittel<\/p>\n<p>Die finanziellen Mittel des Vereins setzen sich zusammen aus den ordentlichen oder au\u00dferordentlichen Mitgliedsbeitr\u00e4gen, Spenden und Verm\u00e4chtnissen, den Einnahmen aus der Vereinst\u00e4tigkeit und ggf. aus \u00f6ffentlichen Zusch\u00fcssen. Das Gesch\u00e4ftsjahr beginnt am 1. Januar und endet am 31. Dezember eines jeden Jahres. Die finanziellen Verpflichtungen des Vereins werden durch sein Verm\u00f6gen garantiert und die pers\u00f6nliche Haftung der Mitglieder ist ausgeschlossen.<\/p>\n<p>Die Mitglieder des Vorstands sind von der Beitragszahlung befreit.<\/p>\n<h1><strong>Mitgliedern<\/strong><\/h1>\n<h2>Art. 6<\/h2>\n<p>Mitglieder k\u00f6nnen alle Personen und Einrichtungen werden, die an der Verfolgung der in \u00a7 2 genannten Ziele interessiert sind. Mitglied kann jede nat\u00fcrliche und juristische Person werden, die an den Zielen des Vereins interessiert ist. Auf Vorschlag des Vorstandes kann die Mitgliederversammlung Personen, die sich um den Verein besonders verdient gemacht haben, die Ehrenmitgliedschaft verleihen.<\/p>\n<p>Wenn es die Mittel erlauben, ver\u00f6ffentlicht der Verein ein Informationsbulletin f\u00fcr Mitglieder und dem Verein nahestehende Personen.<\/p>\n<h2>Art. 7<\/h2>\n<p>Der Verein besteht aus<\/p>\n<p>Gr\u00fcndungsmitglieder<br \/>\neinzelne Mitglieder<br \/>\nkollektive Mitglieder<\/p>\n<h2>Art. 8<\/h2>\n<p>Aufnahmeantr\u00e4ge sind an das Direktorium zu richten, das \u00fcber die Aufnahme neuer Mitglieder entscheidet und die Mitgliederversammlung unterrichtet.<\/p>\n<h2>Art. 9<\/h2>\n<p>Die Mitgliedschaft endet &#8211; bei nat\u00fcrlichen Personen durch Austritt, Ausschluss oder Tod. &#8211; bei juristischen Personen durch R\u00fccktritt, Ausschluss oder Aufl\u00f6sung der juristischen Person.<\/p>\n<p>Die Mitgliedschaft erlischt aufgrund von:<\/p>\n<p>(a) R\u00fccktritt. Der Austritt befreit nicht von der Zahlung des Jahresbeitrags.<\/p>\n<p>b) Ausschluss &#8222;aus triftigen Gr\u00fcnden&#8220;.<\/p>\n<p>Der Ausschluss liegt in der Verantwortung des Verwaltungsausschusses. Gegen diese Entscheidung kann der Betroffene vor der Generalversammlung Berufung einlegen. Die wiederholte Nichtzahlung von Beitr\u00e4gen f\u00fcr zwei Jahre f\u00fchrt zum Ausschluss aus der Mitgliedschaft.<\/p>\n<h1>Generalversammlung<\/h1>\n<h2>Art. 10<\/h2>\n<p>Die Mitgliederversammlung ist das oberste Organ des Vereins und besteht aus allen seinen Mitgliedern.<\/p>\n<h2>Art. 11<\/h2>\n<p>Die Generalversammlung hat die folgenden Befugnisse<\/p>\n<p>Verabschiedung und \u00c4nderung der Satzung<br \/>\ndie Ernennung weiterer Mitglieder des Pr\u00e4sidiums<br \/>\ndie Entscheidung \u00fcber das Arbeitsprogramm und die Leitung der Aktivit\u00e4ten des Vereins<br \/>\nFestsetzung des j\u00e4hrlichen Mitgliedsbeitrags f\u00fcr Einzel- und Kollektivmitglieder<br \/>\ndie Entscheidung \u00fcber andere Projekte auf der Tagesordnung.<\/p>\n<p>Die Generalversammlung kann sich mit allen Angelegenheiten befassen oder beauftragt werden, die sie nicht einem anderen Organ anvertraut hat.[\/vc_column_text][\/vc_column_inner][vc_column_inner width=&#8220;1\/2&#8243;][vc_column_text]<\/p>\n<h2>Art. 12<\/h2>\n<p>Der Vorstand beruft die Versammlungen mindestens 20 Tage im Voraus ein. Der Vorstand kann bei Bedarf eine au\u00dferordentliche Mitgliederversammlung einberufen.<\/p>\n<h2>Art. 13<\/h2>\n<p>Den Vorsitz der Versammlung f\u00fchrt der Pr\u00e4sident oder ein anderes Mitglied des Vorstandes.<\/p>\n<h2>Art. 14<\/h2>\n<p>Die Beschl\u00fcsse der Mitgliederversammlung werden mit einfacher Mehrheit der anwesenden Mitglieder gefasst. Bei Stimmengleichheit hat der Vorsitzende den Stichentscheid.<\/p>\n<h2>Art. 15 Abstimmungen<\/h2>\n<p>Die Abstimmung erfolgt durch Handzeichen. Auf Antrag von mindestens f\u00fcnf Mitgliedern erfolgt eine geheime Abstimmung. Eine Stimmabgabe durch Bevollm\u00e4chtigte ist nicht m\u00f6glich.<\/p>\n<h2>Art. 16<\/h2>\n<p>Die Versammlung tritt mindestens einmal alle 5 Jahre auf Einberufung des Verwaltungsausschusses zusammen.<\/p>\n<h2>Art.17<\/h2>\n<p>Die Tagesordnung der j\u00e4hrlichen (sog. ordentlichen) Versammlung muss unbedingt enthalten:<\/p>\n<ul>\n<li>den Bericht des Vorstandes \u00fcber die Aktivit\u00e4ten des Vereins im vergangenen Jahr<\/li>\n<li>einen Meinungsaustausch\/Entscheidungen \u00fcber die Entwicklung des Verbandes<\/li>\n<li>Wahl der Mitglieder des Direktoriums<br \/>\nindividuelle Vorschl\u00e4ge.<\/li>\n<\/ul>\n<h2>Art. 18<\/h2>\n<p>Der Vorstand ist verpflichtet, jeden Vorschlag, der von einem Mitglied mindestens 10 Tage im Voraus eingereicht wird, in die Tagesordnung der (ordentlichen oder au\u00dferordentlichen) Generalversammlung aufzunehmen.<\/p>\n<h2>Art. 19 &#8211; Au\u00dferordentliche Generalversammlung<\/h2>\n<p>Die au\u00dferordentliche Mitgliederversammlung wird vom Vorstand oder auf Antrag eines F\u00fcnftels der Mitglieder des Vereins einberufen.<\/p>\n<h1>Gesch\u00e4ftsf\u00fchrender Ausschuss<\/h1>\n<h2>Art. 20<\/h2>\n<p>Das Exekutivkomitee setzt die Beschl\u00fcsse der Generalversammlung um. Er leitet den Verein und ergreift alle Ma\u00dfnahmen, die zur Erreichung seiner Ziele erforderlich sind. Der Vorstand befasst sich mit allen Angelegenheiten, die nicht ausdr\u00fccklich der Mitgliederversammlung vorbehalten sind.<\/p>\n<h2>Art. 21<\/h2>\n<p>Der Vorstand besteht aus den 2 Gr\u00fcndungsmitgliedern. Der Ausschuss ist selbstbestimmend. Er tagt, wann immer die Angelegenheiten des Vereins es erfordern.<\/p>\n<h2>Art. 22<\/h2>\n<p>Der Verein wird durch die Kollektivunterschrift von zwei Mitgliedern des Vorstandes verpflichtet.<\/p>\n<h2>Art. 23<\/h2>\n<p>Das Direktorium hat die Aufgabe<\/p>\n<p>Ma\u00dfnahmen ergreifen, um die Ziele zu erreichen<br \/>\nEinberufung von allgemeinen, ordentlichen und au\u00dferordentlichen Versammlungen<br \/>\nEntscheidung \u00fcber die Aufnahme und Abberufung von Mitgliedern oder deren m\u00f6glichen Ausschluss<br \/>\nf\u00fcr die Anwendung der Satzung zu sorgen, Ordnungen aufzustellen und das Verm\u00f6gen des Vereins zu verwalten.<\/p>\n<h2>Art. 24<\/h2>\n<p>Der Vorstand ist f\u00fcr die Buchf\u00fchrung des Vereins verantwortlich.<\/p>\n<h2>Art. 25<\/h2>\n<p>Der Ausschuss stellt Mitarbeiter und Freiwillige des Vereins ein (und entl\u00e4sst sie). Er kann ein befristetes Mandat an jede Person des Vereins oder au\u00dferhalb des Vereins erteilen.<\/p>\n<h1>Aufl\u00f6sen<\/h1>\n<h2>Art. 26<\/h2>\n<p>Die Aufl\u00f6sung des Vereins wird von der Mitgliederversammlung mit einer Mehrheit von zwei Dritteln der anwesenden Mitglieder beschlossen. Der Rest des Verm\u00f6gens soll einer Organisation mit \u00e4hnlichen Zwecken gespendet werden.[\/vc_column_text][\/vc_column_inner][\/vc_row_inner][\/vc_column][\/vc_row]<\/p>\n<\/div>","protected":false},"excerpt":{"rendered":"<p>[vc_row row_height_percent=&#8220;0&#8243; override_padding=&#8220;yes&#8220; h_padding=&#8220;2&#8243; top_padding=&#8220;5&#8243; bottom_padding=&#8220;2&#8243; overlay_alpha=&#8220;50&#8243; gutter_size=&#8220;3&#8243; column_width_percent=&#8220;100&#8243; shift_y=&#8220;0&#8243; z_index=&#8220;0&#8243;][vc_column column_width_use_pixel=&#8220;yes&#8220; align_horizontal=&#8220;align_center&#8220; gutter_size=&#8220;3&#8243; overlay_alpha=&#8220;50&#8243; shift_x=&#8220;0&#8243; shift_y=&#8220;0&#8243; shift_y_down=&#8220;0&#8243; z_index=&#8220;0&#8243; medium_width=&#8220;0&#8243; [&hellip;]<\/p>\n","protected":false},"author":1,"featured_media":85986,"parent":0,"menu_order":0,"comment_status":"closed","ping_status":"closed","template":"","meta":{"footnotes":""},"class_list":["post-89999","page","type-page","status-publish","has-post-thumbnail","hentry"],"_links":{"self":[{"href":"https:\/\/swissfederalism.ch\/de\/wp-json\/wp\/v2\/pages\/89999","targetHints":{"allow":["GET"]}}],"collection":[{"href":"https:\/\/swissfederalism.ch\/de\/wp-json\/wp\/v2\/pages"}],"about":[{"href":"https:\/\/swissfederalism.ch\/de\/wp-json\/wp\/v2\/types\/page"}],"author":[{"embeddable":true,"href":"https:\/\/swissfederalism.ch\/de\/wp-json\/wp\/v2\/users\/1"}],"replies":[{"embeddable":true,"href":"https:\/\/swissfederalism.ch\/de\/wp-json\/wp\/v2\/comments?post=89999"}],"version-history":[{"count":5,"href":"https:\/\/swissfederalism.ch\/de\/wp-json\/wp\/v2\/pages\/89999\/revisions"}],"predecessor-version":[{"id":96813,"href":"https:\/\/swissfederalism.ch\/de\/wp-json\/wp\/v2\/pages\/89999\/revisions\/96813"}],"wp:featuredmedia":[{"embeddable":true,"href":"https:\/\/swissfederalism.ch\/de\/wp-json\/wp\/v2\/media\/85986"}],"wp:attachment":[{"href":"https:\/\/swissfederalism.ch\/de\/wp-json\/wp\/v2\/media?parent=89999"}],"curies":[{"name":"wp","href":"https:\/\/api.w.org\/{rel}","templated":true}]}}