{"id":89984,"date":"2021-02-15T09:17:00","date_gmt":"2021-02-15T09:17:00","guid":{"rendered":"https:\/\/swissfederalism.ch\/iscriviti-allassociazione\/"},"modified":"2025-02-23T16:04:18","modified_gmt":"2025-02-23T16:04:18","slug":"mitglied-werden","status":"publish","type":"page","link":"https:\/\/swissfederalism.ch\/de\/mitglied-werden\/","title":{"rendered":"Mitglied werden"},"content":{"rendered":"<div class=\"wpb-content-wrapper\"><p>[vc_row unlock_row_content=&#8220;yes&#8220; row_height_percent=&#8220;0&#8243; override_padding=&#8220;yes&#8220; h_padding=&#8220;2&#8243; top_padding=&#8220;5&#8243; bottom_padding=&#8220;2&#8243; overlay_alpha=&#8220;100&#8243; gutter_size=&#8220;100&#8243; column_width_percent=&#8220;100&#8243; shift_y=&#8220;0&#8243; z_index=&#8220;0&#8243; style=&#8220;inherited&#8220;][vc_column column_width_use_pixel=&#8220;yes&#8220; align_horizontal=&#8220;align_center&#8220; gutter_size=&#8220;3&#8243; overlay_alpha=&#8220;100&#8243; shift_x=&#8220;0&#8243; shift_y=&#8220;0&#8243; shift_y_down=&#8220;0&#8243; z_index=&#8220;0&#8243; medium_width=&#8220;100&#8243; mobile_width=&#8220;0&#8243; zoom_width=&#8220;0&#8243; zoom_height=&#8220;0&#8243; width=&#8220;1\/1&#8243; column_width_pixel=&#8220;900&#8243;][vc_custom_heading heading_semantic=&#8220;h3&#8243; text_size=&#8220;h1&#8243; sub_lead=&#8220;yes&#8220; sub_reduced=&#8220;yes&#8220; text_align=&#8220;text-center&#8220; subheading=&#8220;Wenn Sie die Werte des F\u00f6deralismus, der Freiheit und der direkten Demokratie unterst\u00fctzen m\u00f6chten, treten Sie dem Schweizer F\u00f6deralismus Kulturverein bei!<\/p>\n<p>Reichen Sie Ihre Mitgliedschaftsanmeldung beim Vorstand ein und werden Sie Teil einer Gemeinschaft, die f\u00f6rdert:<br \/>\n\u2705 Die Neutralit\u00e4t und Unabh\u00e4ngigkeit der Schweiz<br \/>\n\u2705 F\u00f6deralismus und direkte Demokratie<br \/>\n\u2705 Das Wachstum von kleinen und mittleren Unternehmen<br \/>\n\u2705 Die Anwerbung von Kapital in die Schweiz<br \/>\n\u2705 Die F\u00f6rderung der italienischen Sprache<\/p>\n<p>Durch Ihre Mitgliedschaft zeigen Sie Ihr Engagement f\u00fcr eine st\u00e4rkere, freiere und wohlhabendere Schweiz. Werden Sie Mitglied!&#8220; uncode_shortcode_id=&#8220;164289&#8243; text_color_type=&#8220;uncode-palette&#8220; text_color_solid=&#8220;#ff0000&#8243;]Mitglied werden[\/vc_custom_heading][\/vc_column][\/vc_row][vc_row unlock_row_content=&#8220;yes&#8220; row_height_percent=&#8220;0&#8243; override_padding=&#8220;yes&#8220; h_padding=&#8220;5&#8243; top_padding=&#8220;2&#8243; bottom_padding=&#8220;2&#8243; overlay_alpha=&#8220;50&#8243; gutter_size=&#8220;3&#8243; column_width_percent=&#8220;100&#8243; shift_y=&#8220;0&#8243; z_index=&#8220;0&#8243;][vc_column width=&#8220;1\/1&#8243;][vc_separator sep_color=&#8220;,Default&#8220;][\/vc_column][\/vc_row][vc_row unlock_row_content=&#8220;yes&#8220; row_height_percent=&#8220;0&#8243; override_padding=&#8220;yes&#8220; h_padding=&#8220;5&#8243; top_padding=&#8220;2&#8243; bottom_padding=&#8220;0&#8243; overlay_alpha=&#8220;50&#8243; gutter_size=&#8220;3&#8243; column_width_percent=&#8220;100&#8243; shift_y=&#8220;0&#8243; z_index=&#8220;0&#8243;][vc_column column_width_percent=&#8220;100&#8243; gutter_size=&#8220;3&#8243; expand_height=&#8220;yes&#8220; overlay_alpha=&#8220;50&#8243; border_color=&#8220;color-gyho&#8220; border_style=&#8220;solid&#8220; shift_x=&#8220;0&#8243; shift_y=&#8220;0&#8243; shift_y_down=&#8220;0&#8243; z_index=&#8220;0&#8243; medium_width=&#8220;0&#8243; mobile_width=&#8220;0&#8243; width=&#8220;1\/3&#8243; css=&#8220;.vc_custom_1613380381518{border-right-width: 1px !important;padding-right: 20px !important;}&#8220;][vc_icon icon=&#8220;fa fa-edit&#8220; icon_color=&#8220;accent&#8220; background_style=&#8220;fa-rounded&#8220; size=&#8220;fa-3x&#8220; text_font=&#8220;font-202503&#8243; text_weight=&#8220;400&#8243; text_height=&#8220;fontheight-179065&#8243; text_space=&#8220;fontspace-781688&#8243; linked_title=&#8220;yes&#8220; title=&#8220;Membership Card &#8211; Jahreskarte&#8220; link=&#8220;url:https%3A%2F%2Fswissfederalism.ch%2Ftessera-individuale%2F|title:Tessera%20individuale&#8220; uncode_shortcode_id=&#8220;497117&#8243; icon_color_type=&#8220;uncode-palette&#8220;]Die <strong data-start=\"4\" data-end=\"28\">Jahresmitgliedskarte<\/strong> enth\u00e4lt eine personalisierte, nummerierte Plastikkarte, die Zugang zu exklusiven Dienstleistungen bietet, die von unseren Sponsoren und Partnerunternehmen angeboten werden.<\/p>\n<p>[\/vc_icon][\/vc_column][vc_column column_width_percent=&#8220;100&#8243; gutter_size=&#8220;3&#8243; expand_height=&#8220;yes&#8220; overlay_alpha=&#8220;50&#8243; border_color=&#8220;color-gyho&#8220; border_style=&#8220;solid&#8220; shift_x=&#8220;0&#8243; shift_y=&#8220;0&#8243; shift_y_down=&#8220;0&#8243; z_index=&#8220;0&#8243; medium_width=&#8220;0&#8243; mobile_width=&#8220;0&#8243; width=&#8220;1\/3&#8243; css=&#8220;.vc_custom_1613380374690{border-right-width: 1px !important;padding-right: 20px !important;}&#8220;][vc_icon icon=&#8220;fa fa-edit&#8220; icon_color=&#8220;color-149363&#8243; background_style=&#8220;fa-rounded&#8220; size=&#8220;fa-3x&#8220; text_font=&#8220;font-202503&#8243; text_weight=&#8220;400&#8243; text_height=&#8220;fontheight-179065&#8243; text_space=&#8220;fontspace-781688&#8243; linked_title=&#8220;yes&#8220; title=&#8220;Family Card &#8211; Jahreskarte&#8220; link=&#8220;url:https%3A%2F%2Fswissfederalism.ch%2Ftessera-famiglia-annuale%2F|title:Tessera%20famiglia%20annuale&#8220; uncode_shortcode_id=&#8220;398557&#8243; icon_color_type=&#8220;uncode-palette&#8220;]Die <strong data-start=\"4\" data-end=\"26\">Jahres-Family Card<\/strong> (f\u00fcr Familien und Paare, einschlie\u00dflich der im Haushalt lebenden Kinder) enth\u00e4lt eine nummerierte Plastikkarte pro Haushalts- oder Partnerschaftseinheit und gew\u00e4hrt Zugang zu exklusiven Dienstleistungen, die von unseren Sponsoren und Partnerunternehmen angeboten werden.<\/p>\n<p>&nbsp;<\/p>\n<p>[\/vc_icon][\/vc_column][vc_column column_width_percent=&#8220;100&#8243; gutter_size=&#8220;3&#8243; expand_height=&#8220;yes&#8220; overlay_alpha=&#8220;50&#8243; shift_x=&#8220;0&#8243; shift_y=&#8220;0&#8243; shift_y_down=&#8220;0&#8243; z_index=&#8220;0&#8243; medium_width=&#8220;0&#8243; mobile_width=&#8220;0&#8243; width=&#8220;1\/3&#8243; css=&#8220;.vc_custom_1613380368772{padding-right: 20px !important;}&#8220;][vc_icon icon=&#8220;fa fa-edit&#8220; icon_color=&#8220;color-vyce&#8220; background_style=&#8220;fa-rounded&#8220; size=&#8220;fa-3x&#8220; heading_semantic=&#8220;h4&#8243; text_font=&#8220;font-202503&#8243; text_weight=&#8220;400&#8243; text_height=&#8220;fontheight-179065&#8243; text_space=&#8220;fontspace-781688&#8243; linked_title=&#8220;yes&#8220; title=&#8220;Corporate Card &#8211; Jahreskarte&#8220; link=&#8220;url:https%3A%2F%2Fswissfederalism.ch%2Fde%2Fcorporate-card-jahreskarte%2F|title:Tessera%20aziendale%20o%20associativa%20annuale&#8220; uncode_shortcode_id=&#8220;530164&#8243; icon_color_type=&#8220;uncode-palette&#8220;]<\/p>\n<p class=\"p1\">Die <strong data-start=\"207\" data-end=\"235\">Jahres-Unternehmenskarte<\/strong> enth\u00e4lt eine nummerierte Plastikkarte, die f\u00fcr Unternehmen und Vereine bestimmt ist und Zugang zu exklusiven Dienstleistungen gew\u00e4hrt, die von unseren Sponsoren und Partnern bereitgestellt werden.<\/p>\n<p>[\/vc_icon][\/vc_column][\/vc_row][vc_row unlock_row_content=&#8220;yes&#8220; row_height_percent=&#8220;0&#8243; override_padding=&#8220;yes&#8220; h_padding=&#8220;5&#8243; top_padding=&#8220;2&#8243; bottom_padding=&#8220;2&#8243; overlay_alpha=&#8220;50&#8243; gutter_size=&#8220;3&#8243; column_width_percent=&#8220;100&#8243; shift_y=&#8220;0&#8243; z_index=&#8220;0&#8243;][vc_column width=&#8220;1\/1&#8243;][vc_separator sep_color=&#8220;,Default&#8220;][\/vc_column][\/vc_row][vc_row unlock_row_content=&#8220;yes&#8220; row_height_percent=&#8220;0&#8243; override_padding=&#8220;yes&#8220; h_padding=&#8220;5&#8243; top_padding=&#8220;2&#8243; bottom_padding=&#8220;3&#8243; overlay_alpha=&#8220;50&#8243; gutter_size=&#8220;3&#8243; column_width_percent=&#8220;100&#8243; shift_y=&#8220;0&#8243; z_index=&#8220;0&#8243;][vc_column column_width_percent=&#8220;100&#8243; gutter_size=&#8220;3&#8243; expand_height=&#8220;yes&#8220; overlay_alpha=&#8220;50&#8243; border_color=&#8220;transparent&#8220; shift_x=&#8220;0&#8243; shift_y=&#8220;0&#8243; shift_y_down=&#8220;0&#8243; z_index=&#8220;0&#8243; medium_width=&#8220;0&#8243; mobile_width=&#8220;0&#8243; width=&#8220;1\/3&#8243; css=&#8220;.vc_custom_1613380531663{padding-right: 20px !important;}&#8220;][uncode_pricing title=&#8220;Membership Card &#8211; Jahreskarte&#8220; price=&#8220;CHF 79,00&#8243; price_color=&#8220;accent&#8220; col_elements=&#8220;tb&#8220; align=&#8220;left&#8220; button=&#8220;url:https%3A%2F%2Fswissfederalism.ch%2Fde%2Ftessera-individuale%2F|title:MITGLIED%20WERDEN&#8220; uncode_shortcode_id=&#8220;197131&#8243; price_color_type=&#8220;uncode-palette&#8220;][\/vc_column][vc_column column_width_percent=&#8220;100&#8243; gutter_size=&#8220;3&#8243; expand_height=&#8220;yes&#8220; overlay_alpha=&#8220;50&#8243; border_color=&#8220;transparent&#8220; shift_x=&#8220;0&#8243; shift_y=&#8220;0&#8243; shift_y_down=&#8220;0&#8243; z_index=&#8220;0&#8243; medium_width=&#8220;0&#8243; mobile_width=&#8220;0&#8243; width=&#8220;1\/3&#8243; css=&#8220;.vc_custom_1613380542834{padding-right: 20px !important;}&#8220;][uncode_pricing title=&#8220;Family Card &#8211; Jahreskarte&#8220; price=&#8220;CHF 99,00&#8243; price_color=&#8220;color-149363&#8243; col_elements=&#8220;tb&#8220; align=&#8220;left&#8220; button=&#8220;url:https%3A%2F%2Fswissfederalism.ch%2Fde%2Ftessera-famiglia-annuale%2F|title:MITGLIED%20WERDEN&#8220; uncode_shortcode_id=&#8220;724215&#8243; price_color_type=&#8220;uncode-palette&#8220;][\/vc_column][vc_column column_width_percent=&#8220;100&#8243; gutter_size=&#8220;3&#8243; expand_height=&#8220;yes&#8220; overlay_alpha=&#8220;50&#8243; shift_x=&#8220;0&#8243; shift_y=&#8220;0&#8243; shift_y_down=&#8220;0&#8243; z_index=&#8220;0&#8243; medium_width=&#8220;0&#8243; mobile_width=&#8220;0&#8243; width=&#8220;1\/3&#8243; css=&#8220;.vc_custom_1613380466097{padding-right: 20px !important;}&#8220;][uncode_pricing title=&#8220;Corporate Card &#8211; Jahreskarte&#8220; price=&#8220;CHF 179,00&#8243; price_color=&#8220;color-vyce&#8220; col_elements=&#8220;tb&#8220; align=&#8220;left&#8220; body=&#8220;Ein j\u00e4hrliches Interview f\u00fcr Ihren Verein oder Ihr Unternehmen in der Zeitschrift Swiss Federalism&#8220; button=&#8220;url:https%3A%2F%2Fswissfederalism.ch%2Fde%2Fcorporate-card-jahreskarte%2F|title:MITGLIED%20WERDEN&#8220; uncode_shortcode_id=&#8220;525476&#8243; price_color_type=&#8220;uncode-palette&#8220;][\/vc_column][\/vc_row]<\/p>\n<\/div>","protected":false},"excerpt":{"rendered":"<p>La vostra iscrizione a Swiss Federalism promuove la libert\u00e0, il federalismo, la democrazia diretta, la neutralit\u00e0 della Svizzera e promuove la piccola e media impresa e l\u2019attrazione di capitali verso la Svizzera<\/p>\n","protected":false},"author":1,"featured_media":234855,"parent":0,"menu_order":0,"comment_status":"closed","ping_status":"closed","template":"","meta":{"footnotes":""},"class_list":["post-89984","page","type-page","status-publish","has-post-thumbnail","hentry"],"_links":{"self":[{"href":"https:\/\/swissfederalism.ch\/de\/wp-json\/wp\/v2\/pages\/89984","targetHints":{"allow":["GET"]}}],"collection":[{"href":"https:\/\/swissfederalism.ch\/de\/wp-json\/wp\/v2\/pages"}],"about":[{"href":"https:\/\/swissfederalism.ch\/de\/wp-json\/wp\/v2\/types\/page"}],"author":[{"embeddable":true,"href":"https:\/\/swissfederalism.ch\/de\/wp-json\/wp\/v2\/users\/1"}],"replies":[{"embeddable":true,"href":"https:\/\/swissfederalism.ch\/de\/wp-json\/wp\/v2\/comments?post=89984"}],"version-history":[{"count":15,"href":"https:\/\/swissfederalism.ch\/de\/wp-json\/wp\/v2\/pages\/89984\/revisions"}],"predecessor-version":[{"id":234862,"href":"https:\/\/swissfederalism.ch\/de\/wp-json\/wp\/v2\/pages\/89984\/revisions\/234862"}],"wp:featuredmedia":[{"embeddable":true,"href":"https:\/\/swissfederalism.ch\/de\/wp-json\/wp\/v2\/media\/234855"}],"wp:attachment":[{"href":"https:\/\/swissfederalism.ch\/de\/wp-json\/wp\/v2\/media?parent=89984"}],"curies":[{"name":"wp","href":"https:\/\/api.w.org\/{rel}","templated":true}]}}