{"id":89858,"date":"2020-11-05T14:40:20","date_gmt":"2020-11-05T14:40:20","guid":{"rendered":"https:\/\/swissfederalism.ch\/lassociazione-swiss-federalism\/"},"modified":"2021-05-02T10:54:48","modified_gmt":"2021-05-02T10:54:48","slug":"der-verein-swiss-federalism","status":"publish","type":"page","link":"https:\/\/swissfederalism.ch\/de\/der-verein-swiss-federalism\/","title":{"rendered":"Der Verein"},"content":{"rendered":"<div class=\"wpb-content-wrapper\"><p>[vc_row row_height_percent=&#8220;50&#8243; override_padding=&#8220;yes&#8220; h_padding=&#8220;2&#8243; top_padding=&#8220;5&#8243; bottom_padding=&#8220;0&#8243; overlay_alpha=&#8220;50&#8243; gutter_size=&#8220;3&#8243; column_width_percent=&#8220;100&#8243; shift_y=&#8220;0&#8243; z_index=&#8220;0&#8243;][vc_column column_width_use_pixel=&#8220;yes&#8220; position_vertical=&#8220;middle&#8220; align_horizontal=&#8220;align_center&#8220; gutter_size=&#8220;3&#8243; overlay_alpha=&#8220;50&#8243; shift_x=&#8220;0&#8243; shift_y=&#8220;0&#8243; shift_y_down=&#8220;0&#8243; z_index=&#8220;0&#8243; medium_width=&#8220;0&#8243; mobile_width=&#8220;0&#8243; width=&#8220;1\/1&#8243; column_width_pixel=&#8220;900&#8243;][vc_custom_heading heading_semantic=&#8220;h1&#8243; text_size=&#8220;fontsize-160000&#8243; text_transform=&#8220;uppercase&#8220; text_space=&#8220;fontspace-135905&#8243; text_color=&#8220;accent&#8220;]Der Verein[\/vc_custom_heading][vc_custom_heading text_font=&#8220;font-202503&#8243; text_size=&#8220;fontsize-155944&#8243; text_weight=&#8220;700&#8243; text_height=&#8220;fontheight-179065&#8243; text_space=&#8220;fontspace-111509&#8243;]SWISS FEDERALISM was ist es, was ist seine Funktion und was ist sein Zweck?[\/vc_custom_heading][vc_column_text text_lead=&#8220;yes&#8220;]&#8220;Swiss Federalism&#8220; ist eine internationale Vereinigung, deren Ziel die weltweite F\u00f6rderung des f\u00f6deralistischen, politischen und wirtschaftlichen Modells der Schweiz ist, mit besonderem Augenmerk auf das spezifische f\u00f6deralistische Modell der Schweiz.[\/vc_column_text][vc_empty_space empty_h=&#8220;2&#8243;][\/vc_column][\/vc_row][vc_row row_height_percent=&#8220;0&#8243; override_padding=&#8220;yes&#8220; h_padding=&#8220;2&#8243; top_padding=&#8220;0&#8243; bottom_padding=&#8220;5&#8243; overlay_alpha=&#8220;50&#8243; gutter_size=&#8220;3&#8243; column_width_percent=&#8220;100&#8243; shift_y=&#8220;0&#8243; z_index=&#8220;0&#8243;][vc_column width=&#8220;1\/1&#8243;][vc_separator][vc_row_inner limit_content=&#8220;&#8220;][vc_column_inner width=&#8220;1\/2&#8243;][vc_custom_heading heading_semantic=&#8220;h3&#8243; text_size=&#8220;h1&#8243;]F\u00f6deralismus ist ein Kulturelement, das in unserer westlichen Zivilisation tief verwurzelt ist.[\/vc_custom_heading][vc_column_text]Der Verein hat sich zum Ziel gesetzt, hochkar\u00e4tige internationale Konferenzen zu diesem Thema zu veranstalten und weltweit um Unterst\u00fctzung zu werben.<\/p>\n<p><strong>Das f\u00f6derale System der Schweiz ist ein politisches und wirtschaftliches Modell, das gest\u00e4rkt, verteidigt und \u00fcber die Grenzen der Schweiz hinaus gef\u00f6rdert werden sollte:<\/strong>[\/vc_column_text][\/vc_column_inner][vc_column_inner column_width_percent=&#8220;100&#8243; gutter_size=&#8220;3&#8243; overlay_alpha=&#8220;50&#8243; shift_x=&#8220;0&#8243; shift_y=&#8220;0&#8243; shift_y_down=&#8220;0&#8243; z_index=&#8220;0&#8243; medium_width=&#8220;0&#8243; mobile_width=&#8220;0&#8243; width=&#8220;1\/2&#8243;][uncode_list icon=&#8220;fa fa-check&#8220; icon_color=&#8220;accent&#8220;]<\/p>\n<ul>\n<li>Die wissenschaftlichen Zusammenh\u00e4nge zwischen dem f\u00f6deralen Modell der Schweiz und der Wettbewerbsf\u00e4higkeit ihres Wirtschaftssystems sind gut belegt. Nach allen internationalen Statistiken ist die Schweizer Eidgenossenschaft das wettbewerbsf\u00e4higste Land der Welt.<\/li>\n<li>Selbst in den schlimmsten Jahren der europ\u00e4ischen Wirtschaftskrise ist die Schweiz weiter gewachsen, dank der Widerstandsf\u00e4higkeit eines weltweit einzigartigen Systems. Was den wirtschaftlichen und politischen Apparat und die technologische Innovation angeht, ist das Land konkurrenzlos.<\/li>\n<li>Der F\u00f6deralismus bringt das Entscheidungssystem n\u00e4her an die B\u00fcrger heran: Zusammen mit der direkten Demokratie, der M\u00f6glichkeit f\u00fcr das Volk, sich in Volksabstimmungen zu jedem Thema zu \u00e4u\u00dfern, garantiert er die Zufriedenheit der W\u00e4hler und eine gr\u00f6\u00dfere Kontrolle des Volkes \u00fcber die gew\u00e4hlten Vertreter, was Effizienz erzeugt.<\/li>\n<\/ul>\n<p>[\/uncode_list][\/vc_column_inner][\/vc_row_inner][vc_separator][vc_custom_heading text_font=&#8220;font-202503&#8243; text_weight=&#8220;400&#8243; text_height=&#8220;fontheight-179065&#8243; text_space=&#8220;fontspace-781688&#8243;]&#8220;Swiss Federalism&#8220; ist eine internationale Vereinigung, deren Ziel die weltweite F\u00f6rderung des f\u00f6deralistischen, politischen und wirtschaftlichen Modells der Schweiz ist, mit besonderem Augenmerk auf das spezifische f\u00f6deralistische Modell der Schweiz.[\/vc_custom_heading][vc_row_inner limit_content=&#8220;&#8220;][vc_column_inner column_width_percent=&#8220;100&#8243; align_horizontal=&#8220;align_center&#8220; gutter_size=&#8220;3&#8243; override_padding=&#8220;yes&#8220; column_padding=&#8220;3&#8243; expand_height=&#8220;yes&#8220; style=&#8220;dark&#8220; back_color=&#8220;accent&#8220; overlay_alpha=&#8220;50&#8243; shift_x=&#8220;0&#8243; shift_y=&#8220;0&#8243; shift_y_down=&#8220;0&#8243; z_index=&#8220;0&#8243; medium_width=&#8220;0&#8243; mobile_width=&#8220;0&#8243; width=&#8220;1\/3&#8243;][vc_custom_heading heading_semantic=&#8220;h3&#8243; text_size=&#8220;h4&#8243; sub_reduced=&#8220;yes&#8220; subheading=&#8220;F\u00f6rderung des Schweizer F\u00f6deralismus und seiner Vorteile f\u00fcr die Wirtschaft und die Gesellschaft insgesamt auf internationaler Ebene&#8220;]POLITIK[\/vc_custom_heading][\/vc_column_inner][vc_column_inner column_width_percent=&#8220;100&#8243; align_horizontal=&#8220;align_center&#8220; gutter_size=&#8220;3&#8243; override_padding=&#8220;yes&#8220; column_padding=&#8220;3&#8243; expand_height=&#8220;yes&#8220; style=&#8220;light&#8220; back_color=&#8220;color-190797&#8243; overlay_alpha=&#8220;50&#8243; shift_x=&#8220;0&#8243; shift_y=&#8220;0&#8243; shift_y_down=&#8220;0&#8243; z_index=&#8220;0&#8243; medium_width=&#8220;0&#8243; mobile_width=&#8220;0&#8243; width=&#8220;1\/3&#8243;][vc_custom_heading heading_semantic=&#8220;h3&#8243; text_size=&#8220;h4&#8243; sub_reduced=&#8220;yes&#8220; subheading=&#8220;Schutz und F\u00f6rderung des Italienischen als Minderheitensprache in der Schweiz, neben Deutsch, Franz\u00f6sisch und R\u00e4toromanisch.&#8220;]KULTUR[\/vc_custom_heading][\/vc_column_inner][vc_column_inner column_width_percent=&#8220;100&#8243; align_horizontal=&#8220;align_center&#8220; gutter_size=&#8220;3&#8243; override_padding=&#8220;yes&#8220; column_padding=&#8220;3&#8243; expand_height=&#8220;yes&#8220; style=&#8220;light&#8220; back_color=&#8220;color-gyho&#8220; overlay_alpha=&#8220;50&#8243; shift_x=&#8220;0&#8243; shift_y=&#8220;0&#8243; shift_y_down=&#8220;0&#8243; z_index=&#8220;0&#8243; medium_width=&#8220;0&#8243; mobile_width=&#8220;0&#8243; width=&#8220;1\/3&#8243;][vc_custom_heading heading_semantic=&#8220;h3&#8243; text_size=&#8220;h4&#8243; sub_reduced=&#8220;yes&#8220; subheading=&#8220;Unterst\u00fctzung von kleinen und mittleren Schweizer Unternehmen, mit besonderem Augenmerk auf solche, die von Unternehmern italienischer Herkunft oder Sprache gef\u00fchrt werden&#8220;]WIRTSCHAFT[\/vc_custom_heading][\/vc_column_inner][\/vc_row_inner][\/vc_column][\/vc_row][vc_row][vc_column width=&#8220;1\/1&#8243;][vc_custom_heading text_color=&#8220;color-143431&#8243;]<\/p>\n<h1><span style=\"color: #0000ff;\">UNSEREN STRATEGISCHEN PARTNERN<\/span><\/h1>\n<figure id=\"attachment_94587\" aria-describedby=\"caption-attachment-94587\" style=\"width: 252px\" class=\"wp-caption aligncenter\"><a href=\"https:\/\/www.gcofbl.org\/\"><img decoding=\"async\" class=\"wp-image-94587 size-full\" src=\"https:\/\/swissfederalism.ch\/wp-content\/uploads\/2021\/04\/gcbl.png\" alt=\"Logotipo Global Chamber of Business Leaders\" width=\"252\" height=\"84\" \/><\/a><figcaption id=\"caption-attachment-94587\" class=\"wp-caption-text\"><strong>Global Chamber of Business Leaders<\/strong><\/figcaption><\/figure>\n<p>&nbsp;<\/p>\n<figure id=\"attachment_94591\" aria-describedby=\"caption-attachment-94591\" style=\"width: 300px\" class=\"wp-caption aligncenter\"><a href=\"http:\/\/www.friedman.it\" target=\"_blank\" rel=\"noopener\"><img decoding=\"async\" class=\"wp-image-94591 size-medium\" src=\"https:\/\/swissfederalism.ch\/wp-content\/uploads\/2021\/04\/milton-friedman-inst-logo-300x125.png\" alt=\"Logotipo Istituto milton friedman\" width=\"300\" height=\"125\" srcset=\"https:\/\/swissfederalism.ch\/wp-content\/uploads\/2021\/04\/milton-friedman-inst-logo-300x125.png 300w, https:\/\/swissfederalism.ch\/wp-content\/uploads\/2021\/04\/milton-friedman-inst-logo-1024x426.png 1024w, https:\/\/swissfederalism.ch\/wp-content\/uploads\/2021\/04\/milton-friedman-inst-logo-768x320.png 768w, https:\/\/swissfederalism.ch\/wp-content\/uploads\/2021\/04\/milton-friedman-inst-logo-1536x639.png 1536w, https:\/\/swissfederalism.ch\/wp-content\/uploads\/2021\/04\/milton-friedman-inst-logo-2048x853.png 2048w, https:\/\/swissfederalism.ch\/wp-content\/uploads\/2021\/04\/milton-friedman-inst-logo.png 2186w\" sizes=\"(max-width: 300px) 100vw, 300px\" \/><\/a><figcaption id=\"caption-attachment-94591\" class=\"wp-caption-text\"><strong>Istituto milton friedman<\/strong><\/figcaption><\/figure>\n<figure id=\"attachment_94595\" aria-describedby=\"caption-attachment-94595\" style=\"width: 288px\" class=\"wp-caption aligncenter\"><a href=\"https:\/\/www.learnliberty.org\/sfl-academy\/\" target=\"_blank\" rel=\"noopener\"><img decoding=\"async\" class=\"wp-image-94595 size-full\" src=\"https:\/\/swissfederalism.ch\/wp-content\/uploads\/2021\/04\/STUDENTS-FOR-LIBERTY.png\" alt=\"Logotipo STUDENTS FOR LIBERTY\" width=\"288\" height=\"163\" \/><\/a><figcaption id=\"caption-attachment-94595\" class=\"wp-caption-text\"><strong>STUDENTS FOR LIBERTY<\/strong><\/figcaption><\/figure>\n<p>&nbsp;<\/p>\n<figure id=\"attachment_94583\" aria-describedby=\"caption-attachment-94583\" style=\"width: 300px\" class=\"wp-caption aligncenter\"><a href=\"http:\/\/https:\/\/www.linkedin.com\/authwall?trk=bf&amp;trkInfo=AQEiq85P3aMg8wAAAXjlMJpYOVRRc8Vo38GjgEe0o7RkCQvmBn5ZPctHjQLHW1DfUJv6IBVHckJJI-3D5Yrr7PS1_YmDTb_b-6UhzAH-4YtgezILhbEJlfjpDUr3XGdgfIBf6m8=&amp;originalReferer=&amp;sessionRedirect=https%3A%2F%2Fwww.linkedin.com%2Fcompany%2Feve-elite-value-exchange%2F\" target=\"_blank\" rel=\"noopener\"><img decoding=\"async\" class=\"wp-image-94583 size-medium\" src=\"https:\/\/swissfederalism.ch\/wp-content\/uploads\/2021\/04\/eVE-eLITE-aCADEMY-300x156.png\" alt=\"Logotipo eVE eLITE aCADEMY\" width=\"300\" height=\"156\" srcset=\"https:\/\/swissfederalism.ch\/wp-content\/uploads\/2021\/04\/eVE-eLITE-aCADEMY-300x156.png 300w, https:\/\/swissfederalism.ch\/wp-content\/uploads\/2021\/04\/eVE-eLITE-aCADEMY.png 350w\" sizes=\"(max-width: 300px) 100vw, 300px\" \/><\/a><figcaption id=\"caption-attachment-94583\" class=\"wp-caption-text\"><strong>eVE eLITE aCADEMY<\/strong><\/figcaption><\/figure>\n<p>[\/vc_custom_heading][\/vc_column][\/vc_row]<\/p>\n<\/div>","protected":false},"excerpt":{"rendered":"<p>[vc_row row_height_percent=&#8220;50&#8243; override_padding=&#8220;yes&#8220; h_padding=&#8220;2&#8243; top_padding=&#8220;5&#8243; bottom_padding=&#8220;0&#8243; overlay_alpha=&#8220;50&#8243; gutter_size=&#8220;3&#8243; column_width_percent=&#8220;100&#8243; shift_y=&#8220;0&#8243; z_index=&#8220;0&#8243;][vc_column column_width_use_pixel=&#8220;yes&#8220; position_vertical=&#8220;middle&#8220; align_horizontal=&#8220;align_center&#8220; gutter_size=&#8220;3&#8243; overlay_alpha=&#8220;50&#8243; shift_x=&#8220;0&#8243; shift_y=&#8220;0&#8243; shift_y_down=&#8220;0&#8243; z_index=&#8220;0&#8243; [&hellip;]<\/p>\n","protected":false},"author":1,"featured_media":235914,"parent":0,"menu_order":0,"comment_status":"closed","ping_status":"closed","template":"","meta":{"footnotes":""},"class_list":["post-89858","page","type-page","status-publish","has-post-thumbnail","hentry"],"_links":{"self":[{"href":"https:\/\/swissfederalism.ch\/de\/wp-json\/wp\/v2\/pages\/89858","targetHints":{"allow":["GET"]}}],"collection":[{"href":"https:\/\/swissfederalism.ch\/de\/wp-json\/wp\/v2\/pages"}],"about":[{"href":"https:\/\/swissfederalism.ch\/de\/wp-json\/wp\/v2\/types\/page"}],"author":[{"embeddable":true,"href":"https:\/\/swissfederalism.ch\/de\/wp-json\/wp\/v2\/users\/1"}],"replies":[{"embeddable":true,"href":"https:\/\/swissfederalism.ch\/de\/wp-json\/wp\/v2\/comments?post=89858"}],"version-history":[{"count":9,"href":"https:\/\/swissfederalism.ch\/de\/wp-json\/wp\/v2\/pages\/89858\/revisions"}],"predecessor-version":[{"id":96823,"href":"https:\/\/swissfederalism.ch\/de\/wp-json\/wp\/v2\/pages\/89858\/revisions\/96823"}],"wp:featuredmedia":[{"embeddable":true,"href":"https:\/\/swissfederalism.ch\/de\/wp-json\/wp\/v2\/media\/235914"}],"wp:attachment":[{"href":"https:\/\/swissfederalism.ch\/de\/wp-json\/wp\/v2\/media?parent=89858"}],"curies":[{"name":"wp","href":"https:\/\/api.w.org\/{rel}","templated":true}]}}