{"id":89847,"date":"2021-01-24T11:20:23","date_gmt":"2021-01-24T11:20:23","guid":{"rendered":"https:\/\/swissfederalism.ch\/il-nostro-manifesto\/"},"modified":"2021-06-08T18:38:20","modified_gmt":"2021-06-08T18:38:20","slug":"unser-manifest","status":"publish","type":"page","link":"https:\/\/swissfederalism.ch\/de\/unser-manifest\/","title":{"rendered":"Unser Manifest"},"content":{"rendered":"<div class=\"wpb-content-wrapper\"><p>[vc_row row_height_percent=&#8220;0&#8243; override_padding=&#8220;yes&#8220; h_padding=&#8220;2&#8243; top_padding=&#8220;5&#8243; bottom_padding=&#8220;0&#8243; overlay_alpha=&#8220;50&#8243; gutter_size=&#8220;3&#8243; column_width_percent=&#8220;100&#8243; shift_y=&#8220;0&#8243; z_index=&#8220;0&#8243;][vc_column column_width_use_pixel=&#8220;yes&#8220; align_horizontal=&#8220;align_center&#8220; gutter_size=&#8220;3&#8243; overlay_alpha=&#8220;50&#8243; shift_x=&#8220;0&#8243; shift_y=&#8220;0&#8243; shift_y_down=&#8220;0&#8243; z_index=&#8220;0&#8243; medium_width=&#8220;0&#8243; mobile_width=&#8220;0&#8243; width=&#8220;1\/1&#8243; column_width_pixel=&#8220;900&#8243;][vc_custom_heading heading_semantic=&#8220;h1&#8243; text_size=&#8220;fontsize-155944&#8243;]Hier erinnern wir an unser Manifest und den Zweck des Vereins[\/vc_custom_heading][vc_column_text text_lead=&#8220;yes&#8220;]Die F\u00f6rderung der Werte der schweizerischen Demokratie, die sich im Wesen der Eidgenossenschaft widerspiegeln und sie f\u00fcr ihre ausserordentliche Weitsicht und Effizienz qualifizieren, und die sich als Neutralit\u00e4t, Unabh\u00e4ngigkeit und echter F\u00f6deralismus zusammenfassen lassen.<\/p>\n<p>Die Entwicklung der Schweizer Klein- und Mittelbetriebe im Ausland und die Anziehung von Kapital in die Eidgenossenschaft.[\/vc_column_text][\/vc_column][\/vc_row][vc_row row_height_percent=&#8220;0&#8243; override_padding=&#8220;yes&#8220; h_padding=&#8220;2&#8243; top_padding=&#8220;3&#8243; bottom_padding=&#8220;5&#8243; overlay_alpha=&#8220;50&#8243; gutter_size=&#8220;3&#8243; column_width_percent=&#8220;100&#8243; shift_y=&#8220;0&#8243; z_index=&#8220;0&#8243; row_name=&#8220;Incipit&#8220;][vc_column width=&#8220;1\/1&#8243;][vc_row_inner][vc_column_inner column_width_percent=&#8220;100&#8243; align_horizontal=&#8220;align_center&#8220; gutter_size=&#8220;3&#8243; overlay_alpha=&#8220;50&#8243; shift_x=&#8220;0&#8243; shift_y=&#8220;0&#8243; shift_y_down=&#8220;0&#8243; z_index=&#8220;0&#8243; medium_width=&#8220;0&#8243; mobile_width=&#8220;0&#8243; width=&#8220;1\/1&#8243;][vc_custom_heading heading_semantic=&#8220;h3&#8243; text_size=&#8220;h1&#8243;](Echter) F\u00f6deralismus, der Grundstein f\u00fcr den Erfolg der Schweiz[\/vc_custom_heading][\/vc_column_inner][\/vc_row_inner][vc_row_inner][vc_column_inner width=&#8220;1\/2&#8243;][vc_column_text]Echter F\u00f6deralismus ist der Grundpfeiler der gro\u00dfen Demokratie der Schweiz, ein Vorbild f\u00fcr aufrichtige Demokraten in aller Welt. Demokratie und echter F\u00f6deralismus sind das Bollwerk gegen Totalitarismus und die treibende Kraft hinter dem Wohlstand und dem wirtschaftlichen Erfolg jeder Nation.<\/p>\n<p>Echter F\u00f6deralismus sollte nicht mit blo\u00dfer administrativer Dezentralisierung verwechselt werden. Es gibt keinen F\u00f6deralismus ohne vollst\u00e4ndige Autonomie der Einnahmen und Ausgaben.<\/p>\n<p>Die 26 Kantone, aus denen sich die Schweiz zusammensetzt, sind in der Praxis Kleinstaaten. Nur die W\u00e4hrung, die Au\u00dfenpolitik und die Verteidigung sind an die Zentralgewalt delegiert.[\/vc_column_text][\/vc_column_inner][vc_column_inner width=&#8220;1\/2&#8243;][vc_column_text]<strong>Echter F\u00f6deralismus, der F\u00f6deralismus nach Schweizer Vorbild, hat diese Vorteile<\/strong><\/p>\n<ol>\n<li>Es stimuliert die Bef\u00e4higung der lokalen Administratoren<\/li>\n<li>Reduziert Steuern und die Kosten f\u00fcr den Betrieb des Staates<\/li>\n<li>Stimuliert einen tugendhaften \u00f6ffentlichen Prozess, der Wohlstand und Demokratie f\u00fcr alle B\u00fcrger garantiert<\/li>\n<\/ol>\n<p>Swiss Federalism zielt darauf ab, das internationale Bewusstsein zu sch\u00e4rfen und einen echten F\u00f6deralismus zu f\u00f6rdern, der den Grundstein f\u00fcr den zivilen, politischen und wirtschaftlichen Erfolg der Schweiz bildet. Wir sind der festen \u00dcberzeugung, dass der Schweizer F\u00f6deralismus ein Modell ist, das zum Nutzen aller staatlichen Organisationen weltweit gef\u00f6rdert und exportiert werden sollte.[\/vc_column_text][\/vc_column_inner][\/vc_row_inner][vc_separator][\/vc_column][\/vc_row][vc_row unlock_row_content=&#8220;yes&#8220; row_height_percent=&#8220;0&#8243; override_padding=&#8220;yes&#8220; h_padding=&#8220;0&#8243; top_padding=&#8220;0&#8243; bottom_padding=&#8220;0&#8243; back_color=&#8220;color-wayh&#8220; overlay_alpha=&#8220;50&#8243; equal_height=&#8220;yes&#8220; gutter_size=&#8220;0&#8243; column_width_percent=&#8220;100&#8243; shift_y=&#8220;0&#8243; z_index=&#8220;0&#8243; el_class=&#8220;inverted-device-order&#8220; row_name=&#8220;Business development&#8220;][vc_column column_width_use_pixel=&#8220;yes&#8220; gutter_size=&#8220;3&#8243; override_padding=&#8220;yes&#8220; column_padding=&#8220;5&#8243; style=&#8220;dark&#8220; overlay_alpha=&#8220;50&#8243; shift_x=&#8220;0&#8243; shift_y=&#8220;0&#8243; shift_y_down=&#8220;0&#8243; z_index=&#8220;0&#8243; medium_width=&#8220;0&#8243; mobile_width=&#8220;0&#8243; width=&#8220;1\/2&#8243; column_width_pixel=&#8220;528&#8243;][vc_custom_heading heading_semantic=&#8220;h6&#8243; text_size=&#8220;fontsize-160000&#8243; text_transform=&#8220;uppercase&#8220; text_space=&#8220;fontspace-135905&#8243; text_color=&#8220;accent&#8220;]Unser Manifest[\/vc_custom_heading][vc_custom_heading text_size=&#8220;fontsize-155944&#8243;]Business development &#8211; Die Entwicklung von kleinen und mittleren Unternehmen[\/vc_custom_heading][vc_column_text text_lead=&#8220;small&#8220;]<strong>Wir glauben, dass kleine und mittlere Unternehmen das R\u00fcckgrat der Volkswirtschaften der freien Welt bilden.<\/strong> Wir haben den Ehrgeiz, unser Schweizer und internationales Netzwerk zu nutzen, um ihnen beim Wachstum zu helfen. Wir wollen den Schweizer Markt mit denen in anderen L\u00e4ndern verbinden, die die gro\u00dfen Werte der Schweiz &#8211; Freiheit, Demokratie und F\u00f6deralismus &#8211; teilen.<\/p>\n<p><strong>Wir helfen Schweizer Unternehmen bei der Internationalisierung,<\/strong> begleiten sie bei ihrer digitalen Entwicklung f\u00fcr zuk\u00fcnftige Herausforderungen und unterst\u00fctzen sie bei der Suche nach neuen M\u00e4rkten.<\/p>\n<p><strong>Wir helfen nicht-schweizerischen Unternehmen, in die Schweiz einzutreten und zu investieren<\/strong>, indem wir sie mit dem lokalen Markt in Kontakt bringen. Bei Bedarf unterst\u00fctzen wir sie auch bei der Ansiedlung, indem wir sie beraten und ihnen die Steuer- und Versicherungsdienstleistungen unserer Mitgliedsunternehmen anbieten.[\/vc_column_text][\/vc_column][vc_column column_width_percent=&#8220;100&#8243; gutter_size=&#8220;3&#8243; back_image=&#8220;15594&#8243; overlay_alpha=&#8220;50&#8243; shift_x=&#8220;0&#8243; shift_y=&#8220;0&#8243; shift_y_down=&#8220;0&#8243; z_index=&#8220;0&#8243; medium_width=&#8220;0&#8243; mobile_width=&#8220;0&#8243; width=&#8220;1\/2&#8243; mobile_height=&#8220;340&#8243;][\/vc_column][\/vc_row][vc_row unlock_row_content=&#8220;yes&#8220; row_height_percent=&#8220;0&#8243; override_padding=&#8220;yes&#8220; h_padding=&#8220;0&#8243; top_padding=&#8220;0&#8243; bottom_padding=&#8220;0&#8243; overlay_alpha=&#8220;50&#8243; equal_height=&#8220;yes&#8220; gutter_size=&#8220;0&#8243; column_width_percent=&#8220;100&#8243; shift_y=&#8220;0&#8243; z_index=&#8220;0&#8243; row_name=&#8220;Partnership con Milton Friedman Institute&#8220;][vc_column column_width_percent=&#8220;100&#8243; gutter_size=&#8220;3&#8243; back_image=&#8220;86559&#8243; overlay_alpha=&#8220;50&#8243; shift_x=&#8220;0&#8243; shift_y=&#8220;0&#8243; shift_y_down=&#8220;0&#8243; z_index=&#8220;0&#8243; medium_width=&#8220;0&#8243; mobile_width=&#8220;0&#8243; width=&#8220;1\/2&#8243; mobile_height=&#8220;340&#8243;][\/vc_column][vc_column column_width_use_pixel=&#8220;yes&#8220; gutter_size=&#8220;3&#8243; override_padding=&#8220;yes&#8220; column_padding=&#8220;5&#8243; overlay_alpha=&#8220;50&#8243; shift_x=&#8220;0&#8243; shift_y=&#8220;0&#8243; shift_y_down=&#8220;0&#8243; z_index=&#8220;0&#8243; medium_width=&#8220;0&#8243; mobile_width=&#8220;0&#8243; width=&#8220;1\/2&#8243; column_width_pixel=&#8220;528&#8243;][vc_custom_heading heading_semantic=&#8220;h6&#8243; text_size=&#8220;fontsize-160000&#8243; text_transform=&#8220;uppercase&#8220; text_space=&#8220;fontspace-135905&#8243; text_color=&#8220;accent&#8220;]Unser Manifest[\/vc_custom_heading][vc_custom_heading text_size=&#8220;fontsize-155944&#8243;]Unsere Partnerschaft mit dem Milton Friedman Institute[\/vc_custom_heading][vc_column_text text_lead=&#8220;small&#8220;]Echter F\u00f6deralismus kann die gro\u00dfen Werte der Freiheit und des Libertarismus, die die westlichen Gesellschaften hervorgebracht haben, nur erg\u00e4nzen.<\/p>\n<p><strong>Der F\u00f6deralismus stellt das Individuum in den Mittelpunkt<\/strong>, dessen pers\u00f6nliche Freiheit wir jederzeit f\u00fcr unantastbar halten.<\/p>\n<p><strong>Die F\u00f6rderung des Verdienstes, das Subsidiarit\u00e4tsprinzip, die Neudefinition der Rolle des Staates in Wirtschaft und Gesellschaft, die wir wie in der Schweiz effizient und kosteng\u00fcnstig auf der Seite des B\u00fcrgers sehen wollen,<\/strong> die Sicherung der individuellen Freiheiten, die Entwicklung des freien Marktes und die Senkung der Steuern auf das absolute Minimum sind Werte, mit denen wir und das Milton Friedman Institut uns voll identifizieren.<\/p>\n<p><strong>Diese gro\u00dfen gemeinsamen Werte haben uns dazu gebracht, eine fruchtbare Partnerschaft und Zusammenarbeit zu haben.<\/strong><\/p>\n<p>Wie Milton Friedman sagte: &#8222;<em>Eine Gesellschaft, die Gleichheit vor Freiheit stellt, wird keine haben!&#8220;<\/em>[\/vc_column_text][\/vc_column][\/vc_row][vc_row unlock_row_content=&#8220;yes&#8220; row_height_percent=&#8220;0&#8243; override_padding=&#8220;yes&#8220; h_padding=&#8220;0&#8243; top_padding=&#8220;0&#8243; bottom_padding=&#8220;0&#8243; overlay_alpha=&#8220;50&#8243; equal_height=&#8220;yes&#8220; gutter_size=&#8220;0&#8243; column_width_percent=&#8220;100&#8243; shift_y=&#8220;0&#8243; z_index=&#8220;0&#8243; row_name=&#8220;Partnership con Milton Friedman Institute&#8220;][vc_column column_width_use_pixel=&#8220;yes&#8220; gutter_size=&#8220;3&#8243; override_padding=&#8220;yes&#8220; column_padding=&#8220;5&#8243; overlay_alpha=&#8220;50&#8243; shift_x=&#8220;0&#8243; shift_y=&#8220;0&#8243; shift_y_down=&#8220;0&#8243; z_index=&#8220;0&#8243; medium_width=&#8220;0&#8243; mobile_width=&#8220;0&#8243; width=&#8220;1\/2&#8243; column_width_pixel=&#8220;528&#8243;][vc_custom_heading heading_semantic=&#8220;h6&#8243; text_size=&#8220;fontsize-160000&#8243; text_transform=&#8220;uppercase&#8220; text_space=&#8220;fontspace-135905&#8243; text_color=&#8220;accent&#8220;]Unser Manifest[\/vc_custom_heading][vc_custom_heading text_size=&#8220;fontsize-155944&#8243;]Unsere Partnerschaft mit der Global Chamber of Business Leaders[\/vc_custom_heading][vc_column_text text_lead=&#8220;small&#8220;]Die <strong>Global Chamber of Business Leaders<\/strong> ist ein Zusammenschluss von C-Suite-F\u00fchrungskr\u00e4ften, Unternehmern, Investoren, Gesch\u00e4fts- und Industrief\u00fchrern, die eine gemeinsame Vision teilen: das nachhaltige Wohlergehen und Wachstum von Unternehmen in einer disruptiven und sich st\u00e4ndig weiterentwickelnden globalen Wirtschaft.<br \/>\nDie Global Chamber of Business Leaders priorisiert Aktivit\u00e4ten, die sich an der von den Vereinten Nationen ausgerufenen Aktionsdekade orientieren. Sie f\u00f6rdert die Bedeutung der Einbeziehung der Ziele f\u00fcr nachhaltige Entwicklung in die Gesch\u00e4ftsmodelle der Zukunft und erm\u00f6glicht es unseren Partnern, Mitgliedern und Teilnehmern, ihre Unternehmen darauf vorzubereiten, Vorreiter der Zukunft zu sein.<\/p>\n<p>Das GCBL f\u00f6rdert eine lebendige und vernetzte Gesch\u00e4ftsgemeinschaft, die Wachstum und Marktexpansion in einem fortschrittlichen Gesch\u00e4ftsumfeld anregt, in dem Zusammenarbeit das Wachstum ankurbelt, Bildung die F\u00e4higkeiten verbessert und Chancen f\u00f6rdert und die Interessenvertretung die Autorit\u00e4t beeinflusst.<\/p>\n<p>In diesem Aktionsjahrzehnt m\u00fcssen F\u00fchrungskr\u00e4fte aus der Wirtschaft, Regierungsbeamte und Unternehmer aus der ganzen Welt zusammenkommen, um Wissen auszutauschen, gesch\u00e4ftliche Zusammenarbeit und Chancen zu f\u00f6rdern und zusammenzuarbeiten, um ein Teil der globalen L\u00f6sung in diesem neuen, disruptiven Gesch\u00e4ftsumfeld zu sein. Wir erkennen an, dass innovative Gesch\u00e4ftsmodelle und Best Practices mit Strategien der Nachhaltigkeit verbunden werden m\u00fcssen. Es ist unser globales Mandat, zu regieren, Politik zu entwickeln und unsere Unternehmen in einer Weise wachsen zu lassen, die einen positiven Einfluss auf die Umwelt, die Gesellschaft und unsere globale Wirtschaft hat.<\/p>\n<p>GCBL-Mitglieder repr\u00e4sentieren alle Ebenen des Gesch\u00e4ftslebens, von der C-Suite bis zur Junior-F\u00fchrungskraft. Die Mitglieder tauschen M\u00f6glichkeiten, Erfahrungen und Wissen miteinander aus und f\u00f6rdern so die Interaktion und den F\u00fchrungswechsel sowohl im \u00f6ffentlichen als auch im privaten Sektor. Mehr als zu jeder anderen Zeit ist es wichtig, dass globales Business zu Community Business wird, indem wir uns die Vielfalt, Kultur und Perspektive eines weltweiten Netzwerks von Fachleuten zu eigen machen.<\/p>\n<h3 style=\"text-align: center;\"><a href=\"https:\/\/swissfederalism.ch\/wp-content\/uploads\/2021\/06\/Deck-GCBL-Swiss.pdf\">DECK &#8211; Global Chamber of Business Leaders<\/a><\/h3>\n<p>[\/vc_column_text][\/vc_column][vc_column column_width_percent=&#8220;100&#8243; gutter_size=&#8220;3&#8243; back_image=&#8220;104833&#8243; overlay_alpha=&#8220;50&#8243; shift_x=&#8220;0&#8243; shift_y=&#8220;0&#8243; shift_y_down=&#8220;0&#8243; z_index=&#8220;0&#8243; medium_width=&#8220;0&#8243; mobile_width=&#8220;0&#8243; width=&#8220;1\/2&#8243; mobile_height=&#8220;340&#8243;][\/vc_column][\/vc_row][vc_row row_height_percent=&#8220;50&#8243; override_padding=&#8220;yes&#8220; h_padding=&#8220;2&#8243; top_padding=&#8220;5&#8243; bottom_padding=&#8220;5&#8243; back_image=&#8220;84973&#8243; back_attachment=&#8220;fixed&#8220; back_position=&#8220;center center&#8220; kburns=&#8220;yes&#8220; overlay_color=&#8220;color-lxmt&#8220; overlay_alpha=&#8220;92&#8243; gutter_size=&#8220;3&#8243; column_width_percent=&#8220;100&#8243; shift_y=&#8220;0&#8243; z_index=&#8220;0&#8243; row_name=&#8220;Il nostro magazine&#8220;][vc_column column_width_use_pixel=&#8220;yes&#8220; position_vertical=&#8220;middle&#8220; align_horizontal=&#8220;align_center&#8220; gutter_size=&#8220;3&#8243; overlay_alpha=&#8220;50&#8243; shift_x=&#8220;0&#8243; shift_y=&#8220;0&#8243; shift_y_down=&#8220;0&#8243; z_index=&#8220;0&#8243; medium_width=&#8220;0&#8243; mobile_width=&#8220;0&#8243; width=&#8220;1\/1&#8243; column_width_pixel=&#8220;900&#8243;][vc_custom_heading heading_semantic=&#8220;h6&#8243; text_size=&#8220;fontsize-160000&#8243; text_transform=&#8220;uppercase&#8220; text_space=&#8220;fontspace-135905&#8243; text_color=&#8220;accent&#8220;]Unser Manifest[\/vc_custom_heading][vc_custom_heading heading_semantic=&#8220;h3&#8243; text_size=&#8220;fontsize-155944&#8243;]Unser Magazin[\/vc_custom_heading][vc_column_text]Unsere Zeitschrift hat den Ehrgeiz, die anerkannte &#8222;Heimat&#8220; aller F\u00f6deralisten auf internationaler Ebene zu werden. Mit unserem hochwertigen Magazin befassen wir uns mit den vielen Themen, die mit F\u00f6deralismus und Selbstbestimmung der V\u00f6lker zusammenh\u00e4ngen, sowie mit den gro\u00dfen internationalen geopolitischen Ver\u00e4nderungen, die damit verbunden sind.<\/p>\n<p>In dieser Hinsicht k\u00f6nnen wir uns einer Reihe von Mitarbeitern r\u00fchmen, die auf diesem Gebiet gut vorbereitet sind, und wir haben Beziehungen zu Universit\u00e4ten und internationalen Gremien von h\u00f6chster Bedeutung.[\/vc_column_text][vc_empty_space empty_h=&#8220;2&#8243;][vc_button button_color=&#8220;accent&#8220; outline=&#8220;yes&#8220; border_width=&#8220;0&#8243; display=&#8220;inline&#8220; link=&#8220;url:https%3A%2F%2Fswissfederalism.ch%2Fde%2F%3Funcodeblock%3Dhome-page-magazine|title:home%20page%20magazine&#8220;]Zum Magazin[\/vc_button][\/vc_column][\/vc_row][vc_row unlock_row_content=&#8220;yes&#8220; row_height_percent=&#8220;0&#8243; override_padding=&#8220;yes&#8220; h_padding=&#8220;0&#8243; top_padding=&#8220;0&#8243; bottom_padding=&#8220;0&#8243; back_color=&#8220;color-wayh&#8220; overlay_alpha=&#8220;50&#8243; equal_height=&#8220;yes&#8220; gutter_size=&#8220;0&#8243; column_width_percent=&#8220;100&#8243; shift_y=&#8220;0&#8243; z_index=&#8220;0&#8243; el_class=&#8220;inverted-device-order&#8220; row_name=&#8220;Il nostro premio Start Up&#8220;][vc_column column_width_use_pixel=&#8220;yes&#8220; gutter_size=&#8220;3&#8243; override_padding=&#8220;yes&#8220; column_padding=&#8220;5&#8243; style=&#8220;dark&#8220; overlay_alpha=&#8220;50&#8243; shift_x=&#8220;0&#8243; shift_y=&#8220;0&#8243; shift_y_down=&#8220;0&#8243; z_index=&#8220;0&#8243; medium_width=&#8220;0&#8243; mobile_width=&#8220;0&#8243; width=&#8220;1\/2&#8243; column_width_pixel=&#8220;528&#8243;][vc_custom_heading heading_semantic=&#8220;h6&#8243; text_size=&#8220;fontsize-160000&#8243; text_transform=&#8220;uppercase&#8220; text_space=&#8220;fontspace-135905&#8243; text_color=&#8220;accent&#8220;]Unser Manifest[\/vc_custom_heading][vc_custom_heading text_size=&#8220;fontsize-155944&#8243;]Internationaler Start-up-Preis Milton Friedman\/Swissfederalism[\/vc_custom_heading][vc_column_text text_lead=&#8220;small&#8220;]Jedes Jahr organisieren <strong>Swiss Federalism &amp; GCBL und das Milton Friedman Institut<\/strong> in Z\u00fcrich, Schweiz, eine internationale Veranstaltung auf h\u00f6chstem Niveau, den <strong>&#8222;<\/strong><strong>Swiss Federalism\/GCBL &amp; <\/strong><strong>Milton Friedman&#8220; International Start-up Award.<\/strong><\/p>\n<p>Die gemeinsamen Werte des Swiss Federalism und von Milton Friedman werden in dieser gro\u00dfartigen Veranstaltung verk\u00f6rpert, die darauf abzielt, die Besten der Welt auf dem Gebiet der neuen Technologien und neuen Gesch\u00e4ftsideen anzuziehen.<\/p>\n<p><strong>Eine Jury aus Wissenschaftlern und Pers\u00f6nlichkeiten aus Politik, Wirtschaft und Institutionen pr\u00e4miert die weltweit besten Start-ups und Hochschul-Spin-offs in den verschiedenen Bereichen (FinTech, HealthTech, Energie, Technologie) mit gro\u00dfer internationaler Sichtbarkeit.<\/strong>[\/vc_column_text][vc_empty_space empty_h=&#8220;1&#8243;][\/vc_column][vc_column column_width_percent=&#8220;100&#8243; gutter_size=&#8220;3&#8243; back_image=&#8220;15594&#8243; overlay_alpha=&#8220;50&#8243; shift_x=&#8220;0&#8243; shift_y=&#8220;0&#8243; shift_y_down=&#8220;0&#8243; z_index=&#8220;0&#8243; medium_width=&#8220;0&#8243; mobile_width=&#8220;0&#8243; width=&#8220;1\/2&#8243; mobile_height=&#8220;340&#8243;][\/vc_column][\/vc_row]<\/p>\n<\/div>","protected":false},"excerpt":{"rendered":"<p>Ricordiamo qui il nostro manifesto e lo scopo dell&#8217;associazione<\/p>\n","protected":false},"author":1,"featured_media":88358,"parent":0,"menu_order":0,"comment_status":"closed","ping_status":"closed","template":"","meta":{"footnotes":""},"class_list":["post-89847","page","type-page","status-publish","has-post-thumbnail","hentry"],"_links":{"self":[{"href":"https:\/\/swissfederalism.ch\/de\/wp-json\/wp\/v2\/pages\/89847","targetHints":{"allow":["GET"]}}],"collection":[{"href":"https:\/\/swissfederalism.ch\/de\/wp-json\/wp\/v2\/pages"}],"about":[{"href":"https:\/\/swissfederalism.ch\/de\/wp-json\/wp\/v2\/types\/page"}],"author":[{"embeddable":true,"href":"https:\/\/swissfederalism.ch\/de\/wp-json\/wp\/v2\/users\/1"}],"replies":[{"embeddable":true,"href":"https:\/\/swissfederalism.ch\/de\/wp-json\/wp\/v2\/comments?post=89847"}],"version-history":[{"count":7,"href":"https:\/\/swissfederalism.ch\/de\/wp-json\/wp\/v2\/pages\/89847\/revisions"}],"predecessor-version":[{"id":104911,"href":"https:\/\/swissfederalism.ch\/de\/wp-json\/wp\/v2\/pages\/89847\/revisions\/104911"}],"wp:featuredmedia":[{"embeddable":true,"href":"https:\/\/swissfederalism.ch\/de\/wp-json\/wp\/v2\/media\/88358"}],"wp:attachment":[{"href":"https:\/\/swissfederalism.ch\/de\/wp-json\/wp\/v2\/media?parent=89847"}],"curies":[{"name":"wp","href":"https:\/\/api.w.org\/{rel}","templated":true}]}}