{"id":126948,"date":"2023-01-08T17:51:03","date_gmt":"2023-01-08T17:51:03","guid":{"rendered":"https:\/\/swissfederalism.ch\/?page_id=126948"},"modified":"2023-01-09T15:06:43","modified_gmt":"2023-01-09T15:06:43","slug":"ebook","status":"publish","type":"page","link":"https:\/\/swissfederalism.ch\/de\/ebook\/","title":{"rendered":"E-Book"},"content":{"rendered":"<div class=\"wpb-content-wrapper\"><p>[vc_row unlock_row_content=&#8220;yes&#8220; row_height_percent=&#8220;0&#8243; override_padding=&#8220;yes&#8220; h_padding=&#8220;2&#8243; top_padding=&#8220;5&#8243; bottom_padding=&#8220;2&#8243; overlay_alpha=&#8220;100&#8243; gutter_size=&#8220;100&#8243; column_width_percent=&#8220;100&#8243; shift_y=&#8220;0&#8243; z_index=&#8220;0&#8243; style=&#8220;inherited&#8220;][vc_column column_width_use_pixel=&#8220;yes&#8220; align_horizontal=&#8220;align_center&#8220; gutter_size=&#8220;3&#8243; overlay_alpha=&#8220;100&#8243; shift_x=&#8220;0&#8243; shift_y=&#8220;0&#8243; shift_y_down=&#8220;0&#8243; z_index=&#8220;0&#8243; medium_width=&#8220;100&#8243; mobile_width=&#8220;0&#8243; zoom_width=&#8220;0&#8243; zoom_height=&#8220;0&#8243; width=&#8220;1\/1&#8243; column_width_pixel=&#8220;900&#8243;][vc_custom_heading heading_semantic=&#8220;h3&#8243; text_size=&#8220;h1&#8243; sub_lead=&#8220;yes&#8220; sub_reduced=&#8220;yes&#8220; text_align=&#8220;text-center&#8220; subheading=&#8220;Eine Dissertation zum Thema der differenzierten Autonomie.<br \/>\nMit dem Kauf eines der hier erh\u00e4ltlichen Produkte unterst\u00fctzen Sie die Aktivit\u00e4ten unserer Organisation.&#8220; uncode_shortcode_id=&#8220;100923&#8243; text_color_type=&#8220;uncode-palette&#8220; text_color_solid=&#8220;#ff0000&#8243;]<\/p>\n<h1><span class=\"font-329340\"><mark>E-Book<\/mark><\/span><\/h1>\n<p>[\/vc_custom_heading][\/vc_column][\/vc_row][vc_row unlock_row_content=&#8220;yes&#8220; row_height_percent=&#8220;0&#8243; override_padding=&#8220;yes&#8220; h_padding=&#8220;5&#8243; top_padding=&#8220;2&#8243; bottom_padding=&#8220;2&#8243; overlay_alpha=&#8220;50&#8243; gutter_size=&#8220;3&#8243; column_width_percent=&#8220;100&#8243; shift_y=&#8220;0&#8243; z_index=&#8220;0&#8243;][vc_column width=&#8220;1\/1&#8243;][vc_separator sep_color=&#8220;,Default&#8220;][\/vc_column][\/vc_row][vc_row unlock_row_content=&#8220;yes&#8220; row_height_percent=&#8220;0&#8243; override_padding=&#8220;yes&#8220; h_padding=&#8220;5&#8243; top_padding=&#8220;2&#8243; bottom_padding=&#8220;0&#8243; overlay_alpha=&#8220;50&#8243; gutter_size=&#8220;3&#8243; column_width_percent=&#8220;100&#8243; shift_y=&#8220;0&#8243; z_index=&#8220;0&#8243;][vc_column column_width_percent=&#8220;100&#8243; gutter_size=&#8220;3&#8243; expand_height=&#8220;yes&#8220; overlay_alpha=&#8220;50&#8243; border_color=&#8220;color-gyho&#8220; border_style=&#8220;solid&#8220; shift_x=&#8220;0&#8243; shift_y=&#8220;0&#8243; shift_y_down=&#8220;0&#8243; z_index=&#8220;0&#8243; medium_width=&#8220;0&#8243; mobile_width=&#8220;0&#8243; width=&#8220;1\/3&#8243; css=&#8220;.vc_custom_1613380381518{border-right-width: 1px !important;padding-right: 20px !important;}&#8220;][vc_icon icon_image=&#8220;126958&#8243; icon_color=&#8220;accent&#8220; background_style=&#8220;fa-rounded&#8220; heading_semantic=&#8220;h1&#8243; text_font=&#8220;font-762333&#8243; text_size=&#8220;h1&#8243; text_weight=&#8220;500&#8243; text_height=&#8220;fontheight-179065&#8243; text_space=&#8220;fontspace-781688&#8243; linked_title=&#8220;yes&#8220; title=&#8220;Il Federalismo Fiscale e il Regionalismo differenziato: il divario nord-sud&#8220; uncode_shortcode_id=&#8220;108335&#8243; icon_color_type=&#8220;uncode-palette&#8220;]<\/p>\n<h4><span class=\"font-377884\">von Francesco La Galia<\/span><\/h4>\n<h4><em><span class=\"font-377884\">Masterarbeit geschrieben von Francesco La Galia in italienischer Sprache<\/span><\/em><\/h4>\n<p>&nbsp;<\/p>\n<p>&nbsp;<\/p>\n<p>[\/vc_icon][vc_column_text uncode_shortcode_id=&#8220;211771&#8243;]<\/p>\n<div class=\"uncode_text_column\">\n<h4><span class=\"font-762333\">CAPITOLO PRIMO \u2013 IL FEDERALISMO FISCALE <\/span><\/h4>\n<p><span class=\"font-762333\">1.1 Cos\u2019\u00e8 il Federalismo: concetto e origini 8 <\/span><\/p>\n<p><span class=\"font-762333\">1.2 Teoria sul Federalismo Fiscale 10 <\/span><\/p>\n<p><span class=\"font-762333\">1.3 Argomenti economici a favore del decentramento 15 <\/span><\/p>\n<p><span class=\"font-762333\">1.3.1 Il teorema di Oates (efficienza allocativa) 18 <\/span><\/p>\n<p><span class=\"font-762333\">1.3.1.1 I limiti del teorema di Oates 21 <\/span><\/p>\n<p><span class=\"font-762333\">1.3.2 La congettura di Tiebout (concorrenza fiscale) 23 <\/span><\/p>\n<p><span class=\"font-762333\">1.3.2.1 I limiti del modello di Tiebout 27 <\/span><\/p>\n<p><span class=\"font-762333\">1.3.3 Teoria dei Club di Buchanan: la dimensione ottima 28 <\/span><\/p>\n<p><span class=\"font-762333\">1.3.4 Le teorie della seconda generazione: Teoria del leviatano. 35 <\/span><\/p>\n<p><span class=\"font-762333\">1.3.5 Accountability. 36 <\/span><\/p>\n<p><span class=\"font-762333\">1.3.6 Teoria \u201cYardstick competition\u201d. 37 <\/span><\/p>\n<p><span class=\"font-762333\">1.3.7 Teoria \u201cLaboratory federalism\u201d 38 <\/span><\/p>\n<p><span class=\"font-762333\">1.3.8 Maggiore crescita?. 40 <\/span><\/p>\n<p><span class=\"font-762333\">1.4 Argomenti non economici a favore del federalismo 41 <\/span><\/p>\n<p><span class=\"font-762333\">1.5 Argomenti contrari al federalismo. 44 <\/span><\/p>\n<p><span class=\"font-762333\">1.6 Considerazioni conclusive 49 <\/span><\/p>\n<h4><span class=\"font-762333\">CAPITOLO SECONDO \u2013 IL FEDERALISMO FISCALE: IL FINANZIAMENTO <\/span><\/h4>\n<p><span class=\"font-762333\">2.1 Tax Assignment. 51 <\/span><\/p>\n<p><span class=\"font-762333\">2.1.1 Teoria tradizionale di Musgrave e Oates 52 <\/span><\/p>\n<p><span class=\"font-762333\">2.1.2 Teoria del Leviatano di Brennan e Buchanan 55 <\/span><\/p>\n<p><span class=\"font-762333\">2.1.3 Approccio positivo di Hettich e Winer 57 <\/span><\/p>\n<p><span class=\"font-762333\">2.2 Tre metodi per finanziare gli enti locali 58 <\/span><\/p>\n<p><span class=\"font-762333\">2.2.1 Le entrate proprie 60 <\/span><\/p>\n<p><span class=\"font-762333\">2.2.2 I trasferimenti 65 <\/span><\/p>\n<p><span class=\"font-762333\">2.2.3 Le tariffe, le imposte, le tasse 70 <\/span><\/p>\n<p><span class=\"font-762333\">2.3 Le imposte locali \u201cottime\u201d 71 <\/span><\/p>\n<p><span class=\"font-762333\">2.3.1 Imposte sugli immobili (patrimoniali). 72 <\/span><\/p>\n<p><span class=\"font-762333\">2.3.2 Benefit taxes 75 <\/span><\/p>\n<p><span class=\"font-762333\">2.3.3 IRPEF e IRES 76 <\/span><\/p>\n<p><span class=\"font-762333\">2.3.4 Accise 79 <\/span><\/p>\n<p><span class=\"font-762333\">2.3.5 Imposte sulle vendite 80 <\/span><\/p>\n<h4><span class=\"font-762333\">CAPITOLO TERZO \u2013 FEDERALISMO FISCALE E REGIONALISMO DIFFERENZIATO: CONTESTO ITALIANO <\/span><\/h4>\n<p><span class=\"font-762333\">3.1 Nascita ed evoluzione del Federalismo fiscale in Italia 83 <\/span><\/p>\n<p><span class=\"font-762333\">3.2 I tributi locali in Italia 102 <\/span><\/p>\n<p><span class=\"font-762333\">3.2.1 Addizionale IRPEF 102 <\/span><\/p>\n<p><span class=\"font-762333\">3.2.2 ICI 103 <\/span><\/p>\n<p><span class=\"font-762333\">3.2.3 IMU 104 <\/span><\/p>\n<p><span class=\"font-762333\">3.2.4 TARES 105 <\/span><\/p>\n<p><span class=\"font-762333\">3.2.5 IUC 106 <\/span><\/p>\n<p><span class=\"font-762333\">3.2.6 Imposta di soggiorno 107 <\/span><\/p>\n<p><span class=\"font-762333\">3.2.7 Imposta di scopo 108 <\/span><\/p>\n<p><span class=\"font-762333\">3.3 Peculiarit\u00e0 del Federalismo fiscale e autonomia differenziata in Italia. 109 <\/span><\/p>\n<p><span class=\"font-762333\">3.3.1 Decentramento dei poteri di spesa. 109 <\/span><\/p>\n<p><span class=\"font-762333\">3.3.2 Decentramento dei mezzi di finanziamento 111 <\/span><\/p>\n<p><span class=\"font-762333\">3.3.3 Finanziamenti non tributari 113 <\/span><\/p>\n<p><span class=\"font-762333\">3.3.4 Due modelli di Federalismo fiscale 114 <\/span><\/p>\n<p><span class=\"font-762333\">3.3.5 Tributi propri e compartecipazioni 116 <\/span><\/p>\n<p><span class=\"font-762333\">3.3.5.1 Compartecipazione regionale IVA 118 <\/span><\/p>\n<p><span class=\"font-762333\">3.3.6 Autonomia tributaria 120 <\/span><\/p>\n<p><span class=\"font-762333\">3.3.7 Conflitti sulle competenze. 123 <\/span><\/p>\n<p><span class=\"font-762333\">3.3.7.1 Il trasferimento dei poteri 124 <\/span><\/p>\n<p><span class=\"font-762333\">3.3.8 Perequazioni 126 <\/span><\/p>\n<p><span class=\"font-762333\">3.3.8.1 Il nuovo Titolo V della Costituzione, ART.117 Cost. 128 <\/span><\/p>\n<p><span class=\"font-762333\">3.4 Responsabilit\u00e0 senza autonomia 131 <\/span><\/p>\n<p><span class=\"font-762333\">3.4.1 Possibili soluzioni 134 <\/span><\/p>\n<p><span class=\"font-762333\">3.4.1.1 Primo correttivo: la \u201cPremialit\u00e0\u201d. 135 <\/span><\/p>\n<p><span class=\"font-762333\">3.4.1.2 Secondo correttivo: la \u201cPolisinodia\u201d. 139 <\/span><\/p>\n<p><span class=\"font-762333\">3.5 Una differente regionalizzazione della spesa. 145 <\/span><\/p>\n<p><span class=\"font-762333\">3.6 Costi e fabbisogni standard 150 <\/span><\/p>\n<p><span class=\"font-762333\">3.7 I LEP 153 <\/span><\/p>\n<p><span class=\"font-762333\">3.7.1 La perequazione in relazione ai LEP 156 <\/span><\/p>\n<h4><span class=\"font-762333\">CAPITOLO QUARTO \u2013 FEDERALISMO FISCALE E REGIONALISMO DIFFERENZIATO: LIMITI E POTENZIALI RISCHI <\/span><\/h4>\n<p><span class=\"font-762333\">4.1 Limiti del regionalismo differenziato 159 <\/span><\/p>\n<p><span class=\"font-762333\">4.1.1 L\u2019incerta disciplina del Federalismo e del Regionalismo 161 <\/span><\/p>\n<p><span class=\"font-762333\">4.2 I rischi del Regionalismo differenziato 165 <\/span><\/p>\n<p><span class=\"font-762333\">4.3 Focus sui limiti costituzionali al Regionalismo differenziato. 170 <\/span><\/p>\n<p><span class=\"font-762333\">4.4 Intesa Stato-Regioni ad autonomia differenziata: il nodo del fabbisogno finanziario 177 <\/span><\/p>\n<p><span class=\"font-762333\">4.5 Considerazioni conclusive sui rischi dell\u2019attuazione del Regionalismo differenziato alla luce della bozza di legge quadro 184 <\/span><\/p>\n<h4><span class=\"font-762333\">CAPITOLO QUINTO \u2013 FEDERALISMO FISCALE E REGIONALISMO DIFFERENZIATO: LA CRESCITA DEL DIVARIO NORD SUD <\/span><\/h4>\n<p><span class=\"font-762333\">5.1 Il divario Nord-Sud: uno Stato inadempiente 190 <\/span><\/p>\n<p><span class=\"font-762333\">5.2 Le origini 191 <\/span><\/p>\n<p><span class=\"font-762333\">5.2.1 Le legge delega \u201cCalderoli\u201d 42\/2009: pi\u00f9 ombre che luci 193 <\/span><\/p>\n<p><span class=\"font-762333\">5.2.2 La capacit\u00e0 fiscale: dati 197 <\/span><\/p>\n<p><span class=\"font-762333\">5.2.3 La capacit\u00e0 fiscale: il divario Nord-Sud 201 <\/span><\/p>\n<p><span class=\"font-762333\">5.3 Il problema dei LEP: un meccanismo perverso 210 <\/span><\/p>\n<p><span class=\"font-762333\">5.3.1 Focus sui singoli servizi: gli asili nido 215 <\/span><\/p>\n<p><span class=\"font-762333\">5.3.1.1 Prestazioni e finanziamenti 218 <\/span><\/p>\n<p><span class=\"font-762333\">5.3.2 Focus sui singoli servizi: la sanit\u00e0. 224 <\/span><\/p>\n<p><span class=\"font-762333\">5.3.2.1 I LEA. 229 <\/span><\/p>\n<h4><span class=\"font-762333\">CAPITOLO SESTO \u2013 FEDERALISMO FISCALE E REGIONALISMO DIFFERENZIATO IN ITALIA: CONSIDERAZIONI CONCLUSIVE E POSSIBILI SCENARIA FUTURI <\/span><\/h4>\n<p><span class=\"font-762333\">6.1 Tutela della salute e regionalizzazione del sistema sanitario 233 <\/span><\/p>\n<p><span class=\"font-762333\">6.1.1 Le bozze del regionalismo differenziato del biennio 2018-2019: la tutela della salute 237 <\/span><\/p>\n<p><span class=\"font-762333\">6.2 Considerazioni conclusive 239 <\/span><\/p>\n<p><span class=\"font-762333\">6.2.1 Le nuove frontiere del regionalismo: differenziare i territori e non discriminare i cittadini. 240 <\/span><\/p>\n<p><span class=\"font-762333\">6.2.1.1 Il principio di uguaglianza 242 <\/span><\/p>\n<p><span class=\"font-762333\">6.3 Un futuro ancora incerto. 243 <\/span><\/p>\n<h4><span class=\"font-762333\">BIBLIOGRAFIA 246 <\/span><\/h4>\n<h4><span class=\"font-762333\">GIURISPRUDENZA 265 <\/span><\/h4>\n<p><span class=\"font-762333\">SITOGRAFIA 267<\/span><\/p>\n<\/div>\n<p>[\/vc_column_text][\/vc_column][vc_column column_width_percent=&#8220;100&#8243; gutter_size=&#8220;3&#8243; expand_height=&#8220;yes&#8220; overlay_alpha=&#8220;50&#8243; border_color=&#8220;color-gyho&#8220; border_style=&#8220;solid&#8220; shift_x=&#8220;0&#8243; shift_y=&#8220;0&#8243; shift_y_down=&#8220;0&#8243; z_index=&#8220;0&#8243; medium_width=&#8220;0&#8243; mobile_width=&#8220;0&#8243; width=&#8220;1\/3&#8243; css=&#8220;.vc_custom_1613380374690{border-right-width: 1px !important;padding-right: 20px !important;}&#8220;][\/vc_column][vc_column column_width_percent=&#8220;100&#8243; gutter_size=&#8220;3&#8243; expand_height=&#8220;yes&#8220; overlay_alpha=&#8220;50&#8243; shift_x=&#8220;0&#8243; shift_y=&#8220;0&#8243; shift_y_down=&#8220;0&#8243; z_index=&#8220;0&#8243; medium_width=&#8220;0&#8243; mobile_width=&#8220;0&#8243; width=&#8220;1\/3&#8243; css=&#8220;.vc_custom_1613380368772{padding-right: 20px !important;}&#8220;][\/vc_column][\/vc_row][vc_row unlock_row_content=&#8220;yes&#8220; row_height_percent=&#8220;0&#8243; override_padding=&#8220;yes&#8220; h_padding=&#8220;5&#8243; top_padding=&#8220;2&#8243; bottom_padding=&#8220;2&#8243; overlay_alpha=&#8220;50&#8243; gutter_size=&#8220;3&#8243; column_width_percent=&#8220;100&#8243; shift_y=&#8220;0&#8243; z_index=&#8220;0&#8243;][vc_column width=&#8220;1\/1&#8243;][vc_separator sep_color=&#8220;,Default&#8220;][\/vc_column][\/vc_row][vc_row unlock_row_content=&#8220;yes&#8220; row_height_percent=&#8220;0&#8243; override_padding=&#8220;yes&#8220; h_padding=&#8220;5&#8243; top_padding=&#8220;2&#8243; bottom_padding=&#8220;3&#8243; overlay_alpha=&#8220;50&#8243; gutter_size=&#8220;3&#8243; column_width_percent=&#8220;100&#8243; shift_y=&#8220;0&#8243; z_index=&#8220;0&#8243;][vc_column column_width_percent=&#8220;100&#8243; gutter_size=&#8220;3&#8243; expand_height=&#8220;yes&#8220; overlay_alpha=&#8220;50&#8243; border_color=&#8220;transparent&#8220; shift_x=&#8220;0&#8243; shift_y=&#8220;0&#8243; shift_y_down=&#8220;0&#8243; z_index=&#8220;0&#8243; medium_width=&#8220;0&#8243; mobile_width=&#8220;0&#8243; width=&#8220;1\/3&#8243; css=&#8220;.vc_custom_1613380531663{padding-right: 20px !important;}&#8220;][vc_icon position=&#8220;bottom&#8220; icon=&#8220;fa fa-heart&#8220; size=&#8220;fa-3x&#8220; heading_semantic=&#8220;h1&#8243; text_size=&#8220;h1&#8243; text_weight=&#8220;500&#8243; uncode_shortcode_id=&#8220;109074&#8243; icon_color_type=&#8220;uncode-solid&#8220; icon_color_solid=&#8220;#1cbf00&#8243; title=&#8220;Zahlungsmethode&#8220;]<span class=\"font-377884\">Sie k\u00f6nnen diese Studie <mark>f\u00fcr 25 CHF<\/mark> per Bank\u00fcberweisung unter Angabe des Verwendungszwecks bei der untenstehenden Bankverbindung erwerben<\/span><\/p>\n<p><span class=\"font-377884\">&#8222;<span class=\"font-329340\">Kauf Il Federalismo Fiscale e il Regionalismo differenziato: il divario nord-sud di Francesco La Galia<\/span>&#8222;<\/span><\/p>\n<h3 style=\"text-align: center;\"><span class=\"font-377884\"><mark>NACH DEM KAUF WIRD IHNEN DAS E-BOOK PER E-MAIL IM PDF-FORMAT ZUGESANDT<\/mark><\/span><\/h3>\n<p><span class=\"font-377884\">Bitte senden Sie uns eine E-Mail an <strong>info@swissfederalism.ch<\/strong> und geben Sie die Adresse an, an die sie gesendet werden soll.<\/span><\/p>\n<p><strong><span class=\"font-377884\">Bank Linth LLB AG<\/span><\/strong><\/p>\n<p><span class=\"font-377884\">Z\u00fcrcherstrasse 3 Postfach 8730 Uznach (Schweiz)<\/span><\/p>\n<p><span class=\"font-377884\"><strong>IBAN<\/strong>: CH15 0873 1557 4858 1200 1<\/span><\/p>\n<p><span class=\"font-377884\"><strong>Clearing<\/strong>: 8731<\/span><\/p>\n<p><span class=\"font-377884\"><strong>BIC\/SWIFT:<\/strong> LINSCH23<\/span><\/p>\n<p><span class=\"font-377884\"><strong>Kontonummer<\/strong>: 5574.8581.2001<\/span><\/p>\n<p><span class=\"font-377884\"><strong>Kontoinhaber<\/strong>: Swiss Federalism 8737 Gommiswald<\/span><\/p>\n<p>&nbsp;<\/p>\n<p>[\/vc_icon][\/vc_column][vc_column column_width_percent=&#8220;100&#8243; gutter_size=&#8220;3&#8243; expand_height=&#8220;yes&#8220; overlay_alpha=&#8220;50&#8243; border_color=&#8220;transparent&#8220; shift_x=&#8220;0&#8243; shift_y=&#8220;0&#8243; shift_y_down=&#8220;0&#8243; z_index=&#8220;0&#8243; medium_width=&#8220;0&#8243; mobile_width=&#8220;0&#8243; width=&#8220;1\/3&#8243; css=&#8220;.vc_custom_1613380542834{padding-right: 20px !important;}&#8220;][\/vc_column][vc_column column_width_percent=&#8220;100&#8243; gutter_size=&#8220;3&#8243; expand_height=&#8220;yes&#8220; overlay_alpha=&#8220;50&#8243; shift_x=&#8220;0&#8243; shift_y=&#8220;0&#8243; shift_y_down=&#8220;0&#8243; z_index=&#8220;0&#8243; medium_width=&#8220;0&#8243; mobile_width=&#8220;0&#8243; width=&#8220;1\/3&#8243; css=&#8220;.vc_custom_1613380466097{padding-right: 20px !important;}&#8220;][\/vc_column][\/vc_row]<\/p>\n<\/div>","protected":false},"excerpt":{"rendered":"<p>La vostra iscrizione a Swiss Federalism promuove la libert\u00e0, il federalismo, la democrazia diretta, la neutralit\u00e0 della Svizzera e promuove la piccola e media impresa e l\u2019attrazione di capitali verso la Svizzera<\/p>\n","protected":false},"author":9,"featured_media":126968,"parent":0,"menu_order":0,"comment_status":"closed","ping_status":"closed","template":"","meta":{"footnotes":""},"class_list":["post-126948","page","type-page","status-publish","has-post-thumbnail","hentry"],"_links":{"self":[{"href":"https:\/\/swissfederalism.ch\/de\/wp-json\/wp\/v2\/pages\/126948","targetHints":{"allow":["GET"]}}],"collection":[{"href":"https:\/\/swissfederalism.ch\/de\/wp-json\/wp\/v2\/pages"}],"about":[{"href":"https:\/\/swissfederalism.ch\/de\/wp-json\/wp\/v2\/types\/page"}],"author":[{"embeddable":true,"href":"https:\/\/swissfederalism.ch\/de\/wp-json\/wp\/v2\/users\/9"}],"replies":[{"embeddable":true,"href":"https:\/\/swissfederalism.ch\/de\/wp-json\/wp\/v2\/comments?post=126948"}],"version-history":[{"count":8,"href":"https:\/\/swissfederalism.ch\/de\/wp-json\/wp\/v2\/pages\/126948\/revisions"}],"predecessor-version":[{"id":226475,"href":"https:\/\/swissfederalism.ch\/de\/wp-json\/wp\/v2\/pages\/126948\/revisions\/226475"}],"wp:featuredmedia":[{"embeddable":true,"href":"https:\/\/swissfederalism.ch\/de\/wp-json\/wp\/v2\/media\/126968"}],"wp:attachment":[{"href":"https:\/\/swissfederalism.ch\/de\/wp-json\/wp\/v2\/media?parent=126948"}],"curies":[{"name":"wp","href":"https:\/\/api.w.org\/{rel}","templated":true}]}}